{"id":1072,"date":"2022-12-11T12:55:08","date_gmt":"2022-12-11T11:55:08","guid":{"rendered":"https:\/\/historyczna.slaska.zhp.pl\/?page_id=1072"},"modified":"2024-01-15T21:29:37","modified_gmt":"2024-01-15T20:29:37","slug":"sprawozdanie-z-pracy-2019-2022","status":"publish","type":"page","link":"https:\/\/historyczna.slaska.zhp.pl\/?page_id=1072","title":{"rendered":"Sprawozdanie z pracy 2019-2022"},"content":{"rendered":"<p>Komisja Historyczna Chor\u0105gwi \u015alaskiej zosta\u0142a powo\u0142ana przez Komendantk\u0119 Chor\u0105gwi w kwietniu 2019 roku w sk\u0142adzie 18 cz\u0142onk\u00f3w. W trakcie kadencji powo\u0142ano dodatkowo 9 cz\u0142onk\u00f3w. W sk\u0142ad Komisji wchodz\u0105 czynni instruktorzy ZHP oraz byli cz\u0142onkowie zorganizowani w Stowarzyszeniu Harcerskim \u201eCzuwaj\u201d.<\/p>\n<p>Komisja w trakcie kadencji odby\u0142a 22 posiedzenia plenarne w tym posiedzenia online w okresie trwania pandemii. Miejscem odbywania posiedze\u0144 by\u0142 O\u015brodek Harcerski \u2013 sale hotelu \u201eSkaut\u201d a ostatnio r\u00f3wnie\u017c Gabinet Historii Harcerskiej S\u0142u\u017cby.<\/p>\n<p>Po organizacji wewn\u0119trznej w Komisji i przyj\u0119cia kierunk\u00f3w dzia\u0142ania podj\u0119te zosta\u0142y starania zmierzaj\u0105ce do utworzenia strony internetowej Komisji, uznaj\u0105c, ze b\u0119dzie to g\u0142\u00f3wna forma prezentacji dorobku Komisji, jak r\u00f3wnie\u017c ukazuj\u0105ca dorobek wszystkich \u015brodowisk naszej Chor\u0105gwi w zakresie dokumentacji swojej historii.<\/p>\n<p>We wrze\u015bniu 2019 roku Komisja zorganizowa\u0142a konferencj\u0119 historyczn\u0105 po\u015bwi\u0119con\u0105 martyrologi harcerstwa we wrze\u015bniu 1939 roku, a zwi\u0105zanej z 36 rocznic\u0105 ods\u0142oni\u0119cia na rynku w Katowicach Pomnika Harcerzy \u015al\u0105skich. Zosta\u0142y wyg\u0142oszone 3 naukowe referaty oraz gaw\u0119da<br \/>\nPrzewodnicz\u0105cego Komitetu Budowy Pomnika dh. hm. Juliusza Szaflika, kt\u00f3ry bardzo ciekawie opowiedzia\u0142 o pracy Komitetu i historii powstawania Pomnika. Na Konferencji zosta\u0142 te\u017c pokazany 30 minutowy film ukazuj\u0105cy ludzi kt\u00f3rzy tworzyli Pomnik oraz miejsca w kt\u00f3rych powstawa\u0142. Film umieszczony zosta\u0142 na stronie internetowej Komisji wraz z innymi materia\u0142ami dotycz\u0105cymi powstania i ods\u0142oni\u0119cia Pomnika.<\/p>\n<p>Wiele uwagi od samego pocz\u0105tku swoich dzia\u0142a\u0144 Komisja po\u015bwi\u0119ca\u0142a utworzeniu Gabinetu Historii Harcerskiej S\u0142u\u017cby. Materia\u0142y historyczne i pami\u0105tki gromadzone by\u0142y w pomieszczeniach, kt\u00f3re wymaga\u0142y gruntownego remontu, \u0142\u0105cznie z napraw\u0105 przeciekaj\u0105cego dachu. W 1921 roku<br \/>\ndzi\u0119ki znacznym nak\u0142adom finansowym Komendy Chor\u0105gwi wyremontowano dach budynku i pomieszczenia Gabinetu. Ze \u015brodk\u00f3w finansowych Komendy Chor\u0105gwi zakupione zosta\u0142y rega\u0142y metalowe kt\u00f3re b\u0119d\u0105 s\u0142u\u017cy\u0142y do przechowywania zebranych dokument\u00f3w i pami\u0105tek. Gabinet zosta\u0142 doposa\u017cony przez darowizn\u0119 z Biblioteki Miejskiej w Piekarach \u015alaskich, s\u0105 to rega\u0142y biblioteczne, stoliki i krzes\u0142a. W trakcie remontu cz\u0142onkowie Komisji wiele godzin przepracowali fizycznie przy przenoszeniu zbior\u00f3w pomi\u0119dzy remontowanymi pomieszczeniami oraz ich zabezpieczeniu przed zapyleniem. W docelowych dzia\u0142aniach Komisji zbiory znajduj\u0105ce si\u0119 w Gabinecie winne by\u0107 dost\u0119pne w internecie. W ostatnim czasie Gabinet otrzyma\u0142 dost\u0119p do internetu oraz doposa\u017cony przez Komend\u0119 Chor\u0105gwi w laptopa. Pozwoli to na archiwizacj\u0119 zbior\u00f3w i udost\u0119pnienie ich w sieci. Obecnie porz\u0105dkowaniem pami\u0105tek i dokument\u00f3w oraz ich katalogowaniem zajmuj\u0105 si\u0119 cz\u0142onkinie Komisji dh. hm. Stanis\u0142awa J\u0119druszek-Sowi\u017cd\u017ca\u0142 oraz dh. hm. Maria Stangrecka.<\/p>\n<p>\nW lutym 2020 roku Komisja Historyczna by\u0142a wsp\u00f3\u0142organizatorem kominka w Pa\u0142acu M\u0142odzie\u017cy z okazji Dnia My\u015bli Braterskiej po\u015bwi\u0119conego hm.J\u00f3zefowi Pukowcowi i 100 rocznicy Powsta\u0144 \u015al\u0105skich.<\/p>\n<p>W marcu 2020 roku wi\u0119kszo\u015b\u0107 cz\u0142onk\u00f3w naszej Komisji uczestniczy\u0142o w zaj\u0119ciach edukacyjnych dla Chor\u0105gwianych Komisji Historycznych zorganizowanego przez Muzeum Harcerstwa w Warszawie.<\/p>\n<p>\nW 2021 roku w ramach realizacji kampanii programowej \u201eBohater dla Chor\u0105gwi \u015al\u0105skiej\u201d cz\u0142onek Komisji pwd. Bart\u0142omiej Zb\u0105czyniak opracowa\u0142 biogramy dh. J\u00f3zefa Skrzeka \/ instruktora z Micha\u0142kowic \/, dh Ryszarda Kota \/ posta\u0107 z pomnika \/, dh Rafa\u0142a Kocika \/ harcerza z Chorzowa \/ dh. Pauliny Maciejowskiej z \u0141odzi \/z okresu plebiscytu na G\u00f3rnym \u015al\u0105sku \/ oraz druhny Wandy \u0141owi\u0144skiej pierwszej Komendantki Chor\u0105gwi. Po wydaniu przez IPN w Katowicach plakatu z Druhn\u0105 Komendantk\u0105, cz\u0142onkowie Komisji odwiedzili wiele \u015brodowisk harcerskich w naszej Chor\u0105gwi popularyzuj\u0105c osob\u0119 pierwszej Komendantki.<\/p>\n<p>We wrze\u015bniu 2021 roku w zwi\u0105zku z 100 rocznic\u0105 Powsta\u0144 \u015al\u0105skich i rozpoczynaj\u0105c\u0105 si\u0119 kampani\u0105 \u201e Bohater dla Chor\u0105gwi \u015al\u0105skiej\u201d,Komisja podj\u0119\u0142a uchwa\u0142\u0119 o opisaniu harcerskich miejsc pami\u0119ci, w Chor\u0105gwi pod roboczym tytu\u0142em \u201eHarcerstwo \u015alaskie w s\u0142u\u017cbie Niepodleg\u0142ej\u201d. W rezultacie tego przedsi\u0119wzi\u0119cia podj\u0119tego przez Komisji Historycznej Chor\u0105gwi \u015al\u0105skiej opisanych zosta\u0142o 14 miejsc pami\u0119ci wraz z notkami biograficznymi tych, kt\u00f3rych te miejsca dotycz\u0105. Ca\u0142o\u015b\u0107 zredagowana zosta\u0142a przez cz\u0142onk\u00f3w Komisji dh. phm. Katarzyn\u0119 Dusio-Wanat i dh. pwd Zenona Wanat. Tak przygotowana ksi\u0105\u017cka wydana zosta\u0142a we wrze\u015bniu 2022 roku przez Komend\u0119 Chor\u0105gwi. W trakcie prac nad realizacja tego zadania podj\u0119ta zosta\u0142a decyzja o udokumentowaniu wszystkich harcerskich miejsc pami\u0119ci na terenie ca\u0142ej naszej Chor\u0105gwi.<\/p>\n<p>Druh \u0141ukasz Stangrecki cz\u0142onek naszej Komisji bra\u0142 czynny i aktywny udzia\u0142 w pracach zespo\u0142u programowego kt\u00f3ry przygotowywa\u0142 kampani\u0119 programow\u0105 \u201eBohater dla Chor\u0105gwi\u201d.<\/p>\n<p>Cz\u0142onkowie naszej Komisji wydatnie wsparli Chor\u0105giew \u0141\u00f3dzk\u0105 w poszukiwaniu materia\u0142\u00f3w dla wystawy o udziale harcerzy w Powstaniach \u015al\u0105skich. Wystawa ta by\u0142a eksponowana r\u00f3wnie\u017c na terenie naszej Chor\u0105gwi.<\/p>\n<p>\nOpracowana przez dh. hm Mieczys\u0142awa Bra\u0144k\u0119 i dh hm. Mari\u0119 Stangreck\u0105 monografia O\u015brodka Harcerskiego w Chorzowie zosta\u0142a umieszczona na stronie internetowej naszej Komisji.<\/p>\n<p>\nW 2022 roku dh. hm. Elzbieta Tabacka po wielu miesi\u0105cach poszukiwa\u0144 odnalaz\u0142a w Muzeum Historii Miasta Katowice pe\u0142n\u0105 dokumentacj\u0119 z prac Komitetu Budowy Pomnika na Katowickim rynku oraz dokumentacj\u0119 budowlano &#8211; techniczn\u0105 i lokalizacyjn\u0105. Dokumenty te zostan\u0105 zaprezentowane na wystawie z okazji 40 rocznicy ods\u0142oni\u0119cia Pomnika.<\/p>\n<p>Cz\u0142onkowie Komisji kilka razy reprezentowali Chor\u0105giew \u015al\u0105sk\u0105 ZHP na uroczysto\u015bciach patriotycznych organizowanych przez Instytut Pami\u0119ci Narodowej w Katowicach.<\/p>\n<p>Komisja t\u0105 drog\u0105 dzi\u0119kuje dh. hm. Andrzejowi Lichocie za udzielan\u0105 pomoc Komisji, szczeg\u00f3lnie w trakcie remontu, przez pracownik\u00f3w gospodarczych O\u015brodka Harcerskiego.<\/p>\n<p style=\"text-align: right;\">Chorz\u00f3w, wrzesie\u0144 2022<\/p>\n<p style=\"text-align: right;\">Przewodnicz\u0105cy<br \/>\nKomisji Historycznej Chor\u0105gwi \u015al\u0105skiej<br \/>\nhm. Jan Piechaczek<\/p>\n","protected":false},"excerpt":{"rendered":"<p>Komisja Historyczna Chor\u0105gwi \u015alaskiej zosta\u0142a powo\u0142ana przez Komendantk\u0119 Chor\u0105gwi w kwietniu 2019 roku w sk\u0142adzie 18 cz\u0142onk\u00f3w. W trakcie kadencji powo\u0142ano dodatkowo 9 cz\u0142onk\u00f3w. W sk\u0142ad Komisji wchodz\u0105 czynni instruktorzy ZHP oraz byli cz\u0142onkowie zorganizowani w Stowarzyszeniu Harcerskim \u201eCzuwaj\u201d. Komisja w trakcie kadencji odby\u0142a 22 posiedzenia plenarne w tym posiedzenia online w okresie trwania pandemii. [&hellip;]<\/p>\n","protected":false},"author":3,"featured_media":0,"parent":76,"menu_order":0,"comment_status":"closed","ping_status":"closed","template":"","meta":{"postBodyCss":"","postBodyMargin":[],"postBodyPadding":[],"postBodyBackground":{"backgroundType":"classic","gradient":""},"footnotes":""},"class_list":["post-1072","page","type-page","status-publish","hentry"],"_links":{"self":[{"href":"https:\/\/historyczna.slaska.zhp.pl\/index.php?rest_route=\/wp\/v2\/pages\/1072","targetHints":{"allow":["GET"]}}],"collection":[{"href":"https:\/\/historyczna.slaska.zhp.pl\/index.php?rest_route=\/wp\/v2\/pages"}],"about":[{"href":"https:\/\/historyczna.slaska.zhp.pl\/index.php?rest_route=\/wp\/v2\/types\/page"}],"author":[{"embeddable":true,"href":"https:\/\/historyczna.slaska.zhp.pl\/index.php?rest_route=\/wp\/v2\/users\/3"}],"replies":[{"embeddable":true,"href":"https:\/\/historyczna.slaska.zhp.pl\/index.php?rest_route=%2Fwp%2Fv2%2Fcomments&post=1072"}],"version-history":[{"count":3,"href":"https:\/\/historyczna.slaska.zhp.pl\/index.php?rest_route=\/wp\/v2\/pages\/1072\/revisions"}],"predecessor-version":[{"id":1121,"href":"https:\/\/historyczna.slaska.zhp.pl\/index.php?rest_route=\/wp\/v2\/pages\/1072\/revisions\/1121"}],"up":[{"embeddable":true,"href":"https:\/\/historyczna.slaska.zhp.pl\/index.php?rest_route=\/wp\/v2\/pages\/76"}],"wp:attachment":[{"href":"https:\/\/historyczna.slaska.zhp.pl\/index.php?rest_route=%2Fwp%2Fv2%2Fmedia&parent=1072"}],"curies":[{"name":"wp","href":"https:\/\/api.w.org\/{rel}","templated":true}]}}