{"id":142,"date":"2019-03-09T19:36:45","date_gmt":"2019-03-09T18:36:45","guid":{"rendered":"http:\/\/historyczna.slaska.zhp.pl\/?page_id=142"},"modified":"2025-09-11T22:22:19","modified_gmt":"2025-09-11T20:22:19","slug":"publikacje","status":"publish","type":"page","link":"https:\/\/historyczna.slaska.zhp.pl\/?page_id=142","title":{"rendered":"Publikacje harcerskie"},"content":{"rendered":"<p><strong>&#8222;Losy Harcerzy i Harcerek Hufca ZHP Lubliniec w latach 1939-1945&#8221;<\/strong><br \/>\nopracowane przez: Komisj\u0119 Historyczn\u0105 Hufca Lubliniec im. Krystyny Ro\u017cniewskiej<\/p>\n<p><a href=\"https:\/\/drive.google.com\/file\/d\/1bgNFXwbvfYie9GRr4J8iObiKHhAyw8QT\/view?usp=sharing\" target=\"_blank\" rel=\"noopener noreferrer\"><img fetchpriority=\"high\" decoding=\"async\" class=\"alignnone wp-image-340\" src=\"http:\/\/historyczna.slaska.zhp.pl\/wp-content\/uploads\/2019\/05\/promemoria.jpg\" alt=\"\" width=\"309\" height=\"459\" srcset=\"https:\/\/historyczna.slaska.zhp.pl\/wp-content\/uploads\/2019\/05\/promemoria.jpg 347w, https:\/\/historyczna.slaska.zhp.pl\/wp-content\/uploads\/2019\/05\/promemoria-202x300.jpg 202w\" sizes=\"(max-width: 309px) 100vw, 309px\" \/><\/a><\/p>\n<p><strong>&#8222;Ocali\u0107 od zapomnienia&#8221;<\/strong><br \/>\ngazetka wydawana przez Komisj\u0119 Historyczn\u0105 Hufca Cz\u0119stochowa od 2007r.<\/p>\n<p><a href=\"http:\/\/pobieralnia.czestochowa.zhp.pl\/Ocalic_od_zapomnienia\/\" target=\"_blank\" rel=\"noopener noreferrer\"><img decoding=\"async\" class=\"alignnone wp-image-453\" src=\"http:\/\/historyczna.slaska.zhp.pl\/wp-content\/uploads\/2019\/05\/ocalicodzapomnieniaczestochowa23.jpg\" alt=\"\" width=\"310\" height=\"411\" srcset=\"https:\/\/historyczna.slaska.zhp.pl\/wp-content\/uploads\/2019\/05\/ocalicodzapomnieniaczestochowa23.jpg 500w, https:\/\/historyczna.slaska.zhp.pl\/wp-content\/uploads\/2019\/05\/ocalicodzapomnieniaczestochowa23-227x300.jpg 227w\" sizes=\"(max-width: 310px) 100vw, 310px\" \/><\/a><\/p>\n<p><strong>&#8222;Nasi wodzowie&#8221;<\/strong><br \/>\n<em>Komendanci Hufc\u00f3w ZHP w Bielsku-Bia\u0142ej w latach 1925-2015<\/em><br \/>\nopracowana przez Komisj\u0119 Historyczn\u0105 Hufca Beskidzkiego ZHP w Bielsku Bia\u0142ej<\/p>\n<p><a href=\"https:\/\/mega.nz\/#!fAVS2SjK!reqXX8SkTF_kBYrTlfTmxzMjK0plsbCjct0XVy2UZ0k\" target=\"_blank\" rel=\"noopener noreferrer\"><img decoding=\"async\" class=\"alignnone wp-image-626\" src=\"http:\/\/historyczna.slaska.zhp.pl\/wp-content\/uploads\/2019\/07\/nasiwodzowie.jpg\" alt=\"\" width=\"310\" height=\"451\" srcset=\"https:\/\/historyczna.slaska.zhp.pl\/wp-content\/uploads\/2019\/07\/nasiwodzowie.jpg 492w, https:\/\/historyczna.slaska.zhp.pl\/wp-content\/uploads\/2019\/07\/nasiwodzowie-206x300.jpg 206w\" sizes=\"(max-width: 310px) 100vw, 310px\" \/><\/a><\/p>\n<p><strong>&#8222;Kalendarium wa\u017cniejszych wydarze\u0144 z historii harcerstwa na terenie miasta i gminy Czechowice Dziedzice w latach 1911-2011&#8221;<\/strong><br \/>\nZdzis\u0142awa Kobiela i Eugeniusz Loska<\/p>\n<p><a href=\"https:\/\/mega.nz\/#!zYVXgAoS!6Ow3IYNb6OZesjxkO7ur06llkR9vozRMB6xW6Xe0iJw\" target=\"_blank\" rel=\"noopener noreferrer\"><img loading=\"lazy\" decoding=\"async\" class=\"alignnone wp-image-658\" src=\"http:\/\/historyczna.slaska.zhp.pl\/wp-content\/uploads\/2019\/09\/kalnedraoiumczechowice2019rfr.jpg\" alt=\"\" width=\"313\" height=\"456\" srcset=\"https:\/\/historyczna.slaska.zhp.pl\/wp-content\/uploads\/2019\/09\/kalnedraoiumczechowice2019rfr.jpg 343w, https:\/\/historyczna.slaska.zhp.pl\/wp-content\/uploads\/2019\/09\/kalnedraoiumczechowice2019rfr-206x300.jpg 206w\" sizes=\"(max-width: 313px) 100vw, 313px\" \/><\/a><\/p>\n<p><strong>&#8222;Ocali\u0107 od zapomnienia. Historia harcerstwa w Rydu\u0142towach&#8221;<\/strong><br \/>\nPraca zbiorowa pod redakcj\u0105 Ryszarda F. Zawisza, SRH &#8222;CZUWAJ&#8221;.<\/p>\n<p><a href=\"https:\/\/drive.google.com\/file\/d\/1HDe_uAHtbRM7Yusma1YwnY6J-uORVhf8\/view?usp=sharing\" target=\"_blank\" rel=\"noopener noreferrer\"><img loading=\"lazy\" decoding=\"async\" class=\"alignnone wp-image-787\" src=\"http:\/\/historyczna.slaska.zhp.pl\/wp-content\/uploads\/2020\/01\/Ocali\u0107-od-zapomnienia.-Monografia.jpg\" alt=\"\" width=\"310\" height=\"437\" srcset=\"https:\/\/historyczna.slaska.zhp.pl\/wp-content\/uploads\/2020\/01\/Ocali\u0107-od-zapomnienia.-Monografia.jpg 605w, https:\/\/historyczna.slaska.zhp.pl\/wp-content\/uploads\/2020\/01\/Ocali\u0107-od-zapomnienia.-Monografia-213x300.jpg 213w\" sizes=\"(max-width: 310px) 100vw, 310px\" \/><\/a><\/p>\n","protected":false},"excerpt":{"rendered":"<p>&#8222;Losy Harcerzy i Harcerek Hufca ZHP Lubliniec w latach 1939-1945&#8221; opracowane przez: Komisj\u0119 Historyczn\u0105 Hufca Lubliniec im. Krystyny Ro\u017cniewskiej &#8222;Ocali\u0107 od zapomnienia&#8221; gazetka wydawana przez Komisj\u0119 Historyczn\u0105 Hufca Cz\u0119stochowa od 2007r. &#8222;Nasi wodzowie&#8221; Komendanci Hufc\u00f3w ZHP w Bielsku-Bia\u0142ej w latach 1925-2015 opracowana przez Komisj\u0119 Historyczn\u0105 Hufca Beskidzkiego ZHP w Bielsku Bia\u0142ej &#8222;Kalendarium wa\u017cniejszych wydarze\u0144 z [&hellip;]<\/p>\n","protected":false},"author":2,"featured_media":0,"parent":469,"menu_order":0,"comment_status":"closed","ping_status":"closed","template":"","meta":{"postBodyCss":"","postBodyMargin":[],"postBodyPadding":[],"postBodyBackground":{"backgroundType":"classic","gradient":""},"footnotes":""},"class_list":["post-142","page","type-page","status-publish","hentry"],"_links":{"self":[{"href":"https:\/\/historyczna.slaska.zhp.pl\/index.php?rest_route=\/wp\/v2\/pages\/142","targetHints":{"allow":["GET"]}}],"collection":[{"href":"https:\/\/historyczna.slaska.zhp.pl\/index.php?rest_route=\/wp\/v2\/pages"}],"about":[{"href":"https:\/\/historyczna.slaska.zhp.pl\/index.php?rest_route=\/wp\/v2\/types\/page"}],"author":[{"embeddable":true,"href":"https:\/\/historyczna.slaska.zhp.pl\/index.php?rest_route=\/wp\/v2\/users\/2"}],"replies":[{"embeddable":true,"href":"https:\/\/historyczna.slaska.zhp.pl\/index.php?rest_route=%2Fwp%2Fv2%2Fcomments&post=142"}],"version-history":[{"count":18,"href":"https:\/\/historyczna.slaska.zhp.pl\/index.php?rest_route=\/wp\/v2\/pages\/142\/revisions"}],"predecessor-version":[{"id":1139,"href":"https:\/\/historyczna.slaska.zhp.pl\/index.php?rest_route=\/wp\/v2\/pages\/142\/revisions\/1139"}],"up":[{"embeddable":true,"href":"https:\/\/historyczna.slaska.zhp.pl\/index.php?rest_route=\/wp\/v2\/pages\/469"}],"wp:attachment":[{"href":"https:\/\/historyczna.slaska.zhp.pl\/index.php?rest_route=%2Fwp%2Fv2%2Fmedia&parent=142"}],"curies":[{"name":"wp","href":"https:\/\/api.w.org\/{rel}","templated":true}]}}