{"id":1770,"date":"2025-09-11T22:36:44","date_gmt":"2025-09-11T20:36:44","guid":{"rendered":"https:\/\/historyczna.slaska.zhp.pl\/?page_id=1770"},"modified":"2025-09-11T22:59:21","modified_gmt":"2025-09-11T20:59:21","slug":"informator-komisji-historycznej","status":"publish","type":"page","link":"https:\/\/historyczna.slaska.zhp.pl\/?page_id=1770","title":{"rendered":"Informator Komisji Historycznej"},"content":{"rendered":"<p>Informator historyczny obejmuje materia\u0142y autorskie nades\u0142ane przez r\u00f3\u017cne osoby reprezentuj\u0105ce \u015brodowiska harcerskie.\u00a0W informatorze zawarte s\u0105 zapisy z zakresu zdarze\u0144, biografii, dokumentacji historycznej, kt\u00f3re obejmuj\u0105 szeroko poj\u0119t\u0105 harcersk\u0105 histori\u0119.<\/p>\n<p>1. <a href=\"https:\/\/drive.google.com\/file\/d\/1M8NornRXNJV-ys512MpKeY6WzGrZkM4s\/view?usp=sharing\" target=\"_blank\" rel=\"noopener\">Informator nr 1<\/a><\/p>\n","protected":false},"excerpt":{"rendered":"<p>Informator historyczny obejmuje materia\u0142y autorskie nades\u0142ane przez r\u00f3\u017cne osoby reprezentuj\u0105ce \u015brodowiska harcerskie.\u00a0W informatorze zawarte s\u0105 zapisy z zakresu zdarze\u0144, biografii, dokumentacji historycznej, kt\u00f3re obejmuj\u0105 szeroko poj\u0119t\u0105 harcersk\u0105 histori\u0119. 1. Informator nr 1<\/p>\n","protected":false},"author":2,"featured_media":0,"parent":469,"menu_order":0,"comment_status":"closed","ping_status":"closed","template":"","meta":{"postBodyCss":"","postBodyMargin":[],"postBodyPadding":[],"postBodyBackground":{"backgroundType":"classic","gradient":""},"footnotes":""},"class_list":["post-1770","page","type-page","status-publish","hentry"],"_links":{"self":[{"href":"https:\/\/historyczna.slaska.zhp.pl\/index.php?rest_route=\/wp\/v2\/pages\/1770","targetHints":{"allow":["GET"]}}],"collection":[{"href":"https:\/\/historyczna.slaska.zhp.pl\/index.php?rest_route=\/wp\/v2\/pages"}],"about":[{"href":"https:\/\/historyczna.slaska.zhp.pl\/index.php?rest_route=\/wp\/v2\/types\/page"}],"author":[{"embeddable":true,"href":"https:\/\/historyczna.slaska.zhp.pl\/index.php?rest_route=\/wp\/v2\/users\/2"}],"replies":[{"embeddable":true,"href":"https:\/\/historyczna.slaska.zhp.pl\/index.php?rest_route=%2Fwp%2Fv2%2Fcomments&post=1770"}],"version-history":[{"count":5,"href":"https:\/\/historyczna.slaska.zhp.pl\/index.php?rest_route=\/wp\/v2\/pages\/1770\/revisions"}],"predecessor-version":[{"id":1778,"href":"https:\/\/historyczna.slaska.zhp.pl\/index.php?rest_route=\/wp\/v2\/pages\/1770\/revisions\/1778"}],"up":[{"embeddable":true,"href":"https:\/\/historyczna.slaska.zhp.pl\/index.php?rest_route=\/wp\/v2\/pages\/469"}],"wp:attachment":[{"href":"https:\/\/historyczna.slaska.zhp.pl\/index.php?rest_route=%2Fwp%2Fv2%2Fmedia&parent=1770"}],"curies":[{"name":"wp","href":"https:\/\/api.w.org\/{rel}","templated":true}]}}