{"id":220,"date":"2019-03-10T12:24:00","date_gmt":"2019-03-10T11:24:00","guid":{"rendered":"http:\/\/historyczna.slaska.zhp.pl\/?page_id=220"},"modified":"2024-04-09T21:42:41","modified_gmt":"2024-04-09T19:42:41","slug":"harcerskie-miejsca-pamieci","status":"publish","type":"page","link":"https:\/\/historyczna.slaska.zhp.pl\/?page_id=220","title":{"rendered":"Harcerskie miejsca pami\u0119ci"},"content":{"rendered":"<p>Chcieliby\u015bmy na tej stronie zgromadzi\u0107 informacj\u0119 o miejscach upami\u0119tniaj\u0105cych harcerzy i harcerki na terenie poszczeg\u00f3lnych Hufc\u00f3w w postaci &#8211; tablic pami\u0105tkowych, pomnik\u00f3w, g\u0142az\u00f3w itp.<\/p>\n<p><a href=\"http:\/\/historyczna.slaska.zhp.pl\/wp-content\/uploads\/2020\/01\/Witkowski_K-Harcerskie_miejsca_pamieci.pdf\" target=\"_blank\" rel=\"noopener noreferrer\">Gaw\u0119da hm. Krzysztofa Witkowskiego &#8222;Harcerskie miejsca pami\u0119ci na G\u00f3rnym \u015al\u0105sku&#8221; wyg\u0142oszona na sesji historycznej &#8222;Wizerunki \u015bl\u0105skiego harcerstwa w latach wojny i okupacji&#8221;, z tomu VIII Wszechnicy G\u00f3rno\u015bl\u0105skiej<\/a><\/p>\n<p><a href=\"https:\/\/historyczna.slaska.zhp.pl\/wp-content\/uploads\/2024\/04\/Miejscapamieci.pdf\" target=\"_blank\" rel=\"noopener noreferrer\">Harcerstwo \u015al\u0105skie w S\u0142u\u017cbie Niepodleg\u0142ej &#8211; Miejsca Pami\u0119ci. Opracowanie w ramach &#8222;Kampanii Bohater&#8221;<\/a><\/p>\n<p><strong>Hufiec Bytom<\/strong><br \/>\n&#8211; <strong>Hotel &#8222;Lomnitz&#8221; &#8211; Siedziba Polskiego Komisariatu Plebiscytowego, w ramach kt\u00f3rego, w wydziale Wychowania Fizycznego funkcjonowa\u0142 dzia\u0142: Harcerstwo.<\/strong><br \/>\nul. Gliwicka 17 &#8211; Bytom<br \/>\n&#8211; <strong>Dom Polski \u201eUl\u201d \u2013 w latach 1910-1922 siedziba szeregu organizacji spo\u0142ecznych i kulturalnych walcz\u0105cych o zachowanie polsko\u015bci na G\u00f3rnym \u015al\u0105sku. Budynek by\u0142 miejscem spotka\u0144 Polak\u00f3w w niemieckim Bytomiu. By\u0142o tam gwarno i rojno jak w ulu, st\u0105d nazwa Ul. Obecnie siedziba Hufca ZHP Bytom.<\/strong><br \/>\nzbieg ulic Korfantego i Soko\u0142a &#8211; Bytom<br \/>\n&#8211;\u00a0<strong>Gmach gimnazjum polskiego &#8211; W gimnazjum dzia\u0142a\u0142 harcerski hufiec szkolny, zatrudniony tam te\u017c by\u0142 hm. J\u00f3zef Kwietniewski.<\/strong><br \/>\nAl. Legion\u00f3w &#8211; Bytom<br \/>\n&#8211; <strong>Gr\u00f3b Poli Maciejowskiej<\/strong><br \/>\ncmentarz przy ul. Kraszewskiego &#8211; Bytom<br \/>\n&#8211; <strong>Tablica pami\u0105tkowa ku czci Poli Maciejowskiej<\/strong><br \/>\nSzko\u0142a Podstawowa nr 5 przy Al. Legion\u00f3w 6 &#8211; Bytom<\/p>\n<p><strong>Hufiec D\u0105browa G\u00f3rnicza<\/strong><br \/>\n&#8211; <strong>Gr\u00f3b hm. Stefana Piotrowskiego<\/strong><br \/>\ncmentarz przy ul. 11 listopada &#8211; D\u0105browa G\u00f3rnicza<br \/>\n&#8211; <strong>Gr\u00f3b symboliczny &#8211; pomnik phm. Eugeniusza Puza <\/strong><br \/>\ncmentarz przy ul. 11 listopada &#8211; D\u0105browa G\u00f3rnicza<br \/>\n&#8211; <strong>Pomnik cz\u0142onk\u00f3w Zwi\u0105zku Or\u0142a Bia\u0142ego i harcerzy d\u0105browskich<\/strong><br \/>\nSzko\u0142a Podstawowa nr 16, ul. M. Konopnickiej &#8211; D\u0105browa G\u00f3rnicza<br \/>\n&#8211; <strong>Pomnik 10 powieszonych w Hucie Bankowej<\/strong><br \/>\nul. ks. Augustyniuka 9\/11 &#8211; D\u0105browa G\u00f3rnicza<br \/>\n&#8211; <strong>Drzewo-Pomnik &#8222;D\u0105b wolno\u015bci&#8221;<\/strong><br \/>\nskwer ko\u0142o MM &#8222;Sztygarka&#8221; &#8211; D\u0105browa G\u00f3rnicza<br \/>\n&#8211; <strong>Tablica \u2013 phm. Wincenty Bernasik<\/strong><br \/>\nbudynek hufca ZHP D\u0105browa G\u00f3rnicza, ul. Kr\u00f3lowej Jadwigi 8 &#8211; D\u0105browa G\u00f3rnicza<br \/>\n&#8211; <strong>Tablica \u2013 D\u0105browskie K\u00f3\u0142ko Wycieczkowe<\/strong><br \/>\nko\u015bci\u00f3\u0142 MBA &#8211; D\u0105browa G\u00f3rnicza<br \/>\n&#8211; <strong>Tablica \u2013 pami\u0119ci cz\u0142onk\u00f3w 20 ZDH<\/strong><br \/>\nko\u015bci\u00f3\u0142 MBA &#8211; D\u0105browa G\u00f3rnicza<br \/>\n&#8211; <strong>Tablica \u2013 harcerze polegli w czasie II wojny \u015bwiatowej<\/strong><br \/>\nko\u015bci\u00f3\u0142 MBA &#8211; D\u0105browa G\u00f3rnicza<br \/>\n&#8211; <strong>Tablica \u2013 pami\u0119ci hm. RP Henryka Glassa<\/strong><br \/>\nko\u015bci\u00f3\u0142 MBA &#8211; D\u0105browa G\u00f3rnicza<br \/>\n&#8211; <strong>Gr\u00f3b phm. Kazimierza Kalagi<\/strong><br \/>\ncmentarz w Z\u0105bkowicach<\/p>\n<p><strong>Hufiec Katowice<\/strong><br \/>\n&#8211; <strong>Wie\u017ca Spadochronowa i g\u0142az z tablic\u0105 ku czci harcerzy poleg\u0142ych 4 wrze\u015bnia 1939 roku w walce z wojskiem hitlerowskim<\/strong><br \/>\nPark Ko\u015bciuszki &#8211; Katowice<br \/>\n&#8211; <strong>Pomnik Harcerzy \u015al\u0105skich. Pomnik ku czci harcerzy i harcerek poleg\u0142ych w latach 1939-1945. P\u0142yta pami\u0105tkowa w miejscu rozstrzelania powsta\u0144c\u00f3w i harcerzy w 1939 r.<\/strong><br \/>\npl. Obro\u0144c\u00f3w Katowic (przy Rynku) &#8211; Katowice<br \/>\n&#8211; <strong>Gr\u00f3b zbiorowy wojenny Obro\u0144c\u00f3w Katowic: Powsta\u0144c\u00f3w \u015al\u0105skich, harcerzy i harcerek zamordowanych przez hitlerowc\u00f3w w 1939 roku w wi\u0119zieniach, w lasach oraz na ulicach Katowic &#8211; pomnik.<\/strong><br \/>\nCmentarz komunalny, ul. Panewnicka &#8211; Katowice<br \/>\n&#8211; <strong>Symboliczna mogi\u0142a 38 Polak\u00f3w, kt\u00f3rzy zgin\u0119li w pierwszych dniach wojny w 1939 roku (ekshumowanych i pochowanych na cmentarzu w Katowicach-Podlesiu).<\/strong><br \/>\nLasy Panewnicko-Piotrowickie &#8211; Katowice<br \/>\n&#8211; <strong>Tablica upami\u0119tniaj\u0105ca Obro\u0144c\u00f3w Katowic: Powsta\u0144c\u00f3w \u015al\u0105skich i harcerzy poleg\u0142ych w walce z naje\u017ad\u017ac\u0105 hitlerowskim we wrze\u015bniu 1939 roku. Tablica w miejscu gdzie zgin\u0119li.<\/strong><br \/>\nul. Matejki 3 &#8211; Katowice<br \/>\n&#8211; <strong>Tablica upami\u0119tniaj\u0105ca walk\u0119 harcerzy we wrze\u015bniu 1939 roku z wkraczaj\u0105cymi wojskami hitlerowskimi.<\/strong><br \/>\n&#8222;Drapaczu chmur&#8221;, ul. \u017bwirki i Wigury 17 &#8211; Katowice<br \/>\n&#8211; <strong>Tablica upami\u0119tniaj\u0105ca harcerki i harcerzy \u015bl\u0105skich poleg\u0142ych i zamordowanych w latach 1939-1945.<\/strong><br \/>\nKatedra pw. Chrystusa Kr\u00f3la &#8211; Katowice<br \/>\n&#8211; <strong>Tablica pami\u0105tkowa po\u015bwi\u0119cona harcerkom i harcerzom \u015bl\u0105skim poleg\u0142ym i zam\u0119czonym w latach 1939-1945. Tablice nagrobne harcerzy i powsta\u0144c\u00f3w \u015bl\u0105skich zamordowanych w Katowicach w 1939 r. przeniesione z mogi\u0142y na cmentarzu w Panewnikach.<\/strong><br \/>\nVII Liceum Og\u00f3lnokszta\u0142c\u0105ce, ul. Panewnicka &#8211; Katowice<br \/>\n&#8211; <strong>Tablica upami\u0119tniaj\u0105ca Micha\u0142a Gra\u017cy\u0144skiego, powsta\u0144ca, Wojewod\u0119 \u015al\u0105skiego, dzia\u0142acza harcerstwa.<\/strong><br \/>\nKo\u015bci\u00f3\u0142 Garnizonowy pw. \u015bw. Kazimierza Kr\u00f3lewicza, ul. M. Sk\u0142odowskiej-Curie &#8211; Katowice<br \/>\n&#8211; <strong>Tablica upami\u0119tniaj\u0105ca Olg\u0119 Kami\u0144sk\u0105-Prokop, harcerk\u0119, jedn\u0105 z Pomnika Harcerzy Wrze\u015bnia.<\/strong><br \/>\nVIII Liceum Og\u00f3lnokszta\u0142c\u0105ce im.Marii Sk\u0142odowskiej-Curie, ul. 3 Maja 42 &#8211; Katowice<br \/>\n&#8211; <strong>Tablica upami\u0119tniaj\u0105ca J\u00f3zef\u0119 Kantor, nauczycielk\u0119 z Szopienic, harcmistrzyni\u0119, dru\u017cynow\u0105 Konspiracyjnej Dru\u017cyny \u201eMURY\u201d w KL Ravensbr\u00fcck w okresie II wojny \u015bwiatowej.\u00a0<\/strong><br \/>\nKo\u015bci\u00f3\u0142 pw. \u015bw. Jadwigii, ul. Lwowska &#8211; Katowice<br \/>\n&#8211; <strong>Tablica pami\u0105tkowa Adeli Korczy\u0144skiej ps. &#8222;Zo\u015bka&#8221;, komendantki Wojskowej S\u0142u\u017cby Kobiet Okr\u0119gu \u015al\u0105skiego Armii Krajowej.<\/strong><br \/>\nGimnazjum nr 21, ul. Zielonog\u00f3rska 23 &#8211; Katowice<\/p>\n<p><strong>Hufiec Lubliniec<\/strong><br \/>\n&#8211; <strong>Tablica pami\u0105tkowa ku czci <\/strong><a href=\"http:\/\/lubliniec.zhp.pl\/historia\/index.php\/eugeniusz-stasiecki\" target=\"_blank\" rel=\"noopener noreferrer\"><strong>hm. Stanis\u0142awa Stasieckiego<\/strong><\/a><br \/>\nko\u015bci\u00f3\u0142 garnizonowy Parafii Wojskowej b\u0142. Piotra Jerzego Frassati &#8211;\u00a0 Lubliniec<br \/>\n&#8211; <strong>Tablica pami\u0105tkowa ku czci druha <a href=\"http:\/\/lubliniec.zhp.pl\/historia\/index.php\/8-biografie\/3-konrad-manka\" target=\"_blank\" rel=\"noopener noreferrer\">Konrada Ma\u0144ki<\/a><\/strong><br \/>\ndom przy ulicy Damrota 11 &#8211; Lubliniec<br \/>\n&#8211; <strong>Tablica pami\u0105tkowa ku czci druha <a href=\"http:\/\/lubliniec.zhp.pl\/historia\/index.php\/8-biografie\/3-konrad-manka\" target=\"_blank\" rel=\"noopener noreferrer\">Konrada Ma\u0144ki<\/a><\/strong><br \/>\nSOSW im. Konrada Ma\u0144ki, ulica Stalmacha 90 &#8211; Lubliniec<br \/>\n&#8211; <strong>Tablica pami\u0105tkowa ku czci <a href=\"https:\/\/mega.nz\/#!TZEThI5C!ebUsTO0yyROZ8swuNlUTSyULvxr2Mdi0td5znPodXtk\" target=\"_blank\" rel=\"noopener noreferrer\">harcerzy i harcerek Hufca Lubliniec, kt\u00f3rzy zgin\u0119li w czasie II wojny \u015bwiatowej<\/a> <\/strong><br \/>\nPlac Paw\u0142a Golasia &#8211; Lubliniec<br \/>\n&#8211; <strong>Tablica pami\u0105tkowa ku czci <a href=\"http:\/\/lubliniec.zhp.pl\/historia\/index.php\/8-biografie\/1-ksiadz-pulkownik-jan-szymala\" target=\"_blank\" rel=\"noopener noreferrer\">ks.p\u0142k. Jana Szyma\u0142y<\/a><\/strong><br \/>\nZS nr 1 im. Adama Mickiewicza, ulica Jana III Sobieskiego 22 &#8211; Lubliniec<\/p>\n<p><strong>Hufiec Ziemi Rybnickiej<\/strong><br \/>\n&#8211; <strong>Pomnik wzniesiony ku czci poleg\u0142ych i zamordowanych mieszka\u0144c\u00f3w Gotartowic w czasie II W\u015a. Na pomniku umieszczona zosta\u0142a inskrypcja: Tym \/ co za \/ Ojczyzn\u0119 \/ \u017cycie \/ oddali \/ 1939 \u2013 1945 \/ Cze\u015b\u0107 Ich pami\u0119ci. W ni\u017cszej cz\u0119\u015bci obelisku napis: Publicznie powieszeni: \/ Buchalik Franciszek \/ Buchalik Pawe\u0142 \/ Rozstrzelany: \/ Holek Pawe\u0142. Na podstawie pomnika znajduje si\u0119 tablica z list\u0105 28 os\u00f3b zamordowanych w obozach koncentracyjnych.<\/strong><br \/>\nna przeciw starej szko\u0142y przy ul. Gotartowickiej &#8211; Rybnik-Gotartowice<br \/>\n&#8211; <strong>Pomnik z tablic\u0105 z inskrypcj\u0105 o tre\u015bci: Bohaterom i m\u0119czennikom \/ bojownikom o wolno\u015b\u0107 \/ i niepodleg\u0142o\u015b\u0107 Polski \/poleg\u0142ym i pomordowanym \/ w latach 1939 \u2013 1945 \/ Cze\u015b\u0107 i chwa\u0142a. Na bocznej tablicy znajduj\u0105 si\u0119 wymienione nazwiska os\u00f3b zamordowanych w obozach zag\u0142ady oraz zam\u0119czonych w czasie II W\u015a.<\/strong><br \/>\nskwer przy ul. 1 Maja &#8211; Rybnik-Chwa\u0142owice<br \/>\n&#8211; <strong>Krzy\u017c upami\u0119tniaj\u0105cy miejsce \u015bmierci Paw\u0142a Ko\u017cdonia.<\/strong><br \/>\nul. Ko\u017cdoni\u00f3w &#8211; Rybnik-Chwa\u0142owice<br \/>\n&#8211; <strong>Pomnik upami\u0119tniaj\u0105cy bohatersk\u0105 rodzin\u0119 Tkocz\u00f3w, kt\u00f3rej siedmioro cz\u0142onk\u00f3w zgin\u0119\u0142o w obozach koncentracyjnych i wi\u0119zieniach za dzia\u0142alno\u015b\u0107 w ruchu oporu w czasie niemieckiej okupacji.<\/strong><br \/>\nPark G\u00f3rnika &#8211; Rybnik-Chwa\u0142owice<br \/>\n&#8211; <strong>Pomnik wystawiony na dawnym miejscu publicznej egzekucji Paw\u0142a i Franciszka Buchalik\u00f3w \u2013 harcerzy zaanga\u017cowanych w ruch oporu podczas niemieckiej okupacji w trakcie II W\u015a. Obaj byli tw\u00f3rcami konspiracyjnej Polskiej Tajnej Organizacji Powsta\u0144czej, zgin\u0119li 27 lipca 1942 r.<\/strong><br \/>\nzbieg ul. Gotartowickiej, ul. Bagnistej i ul. Buchalik\u00f3w &#8211; Rybnik-Gotartowice<br \/>\n&#8211; <strong>Pomnik upami\u0119tniaj\u0105cy 85-lecie Hufca Ziemi Rybnickiej. W centralnej cz\u0119\u015bci obiektu zosta\u0142 umieszczony wizerunek krzy\u017ca harcerskiego otoczonego napisem: Harcerzy s\u0142u\u017cy Bogu Ojczy\u017anie i Bli\u017anim. Na jednej ze \u015bcian bocznych zamieszczona zosta\u0142a metalowa p\u0142yta z wypisanymi komendantami Hufca Ziemi Rybnickiej od 1923 do 2009 r.<\/strong><br \/>\nskwer przy skrzy\u017cowaniu ul. Gliwickiej i ul. Franciszka Brudnioka &#8211; Rybnik<br \/>\n&#8211; <strong>Pomnik z figur\u0105 Chrystusa stoj\u0105cego na sporej wielko\u015bci g\u0142azie narzutowym. Na pomniku widnieje napis: Jezu ufam Tobie oraz harcerska lilijka. Obok znajduj\u0105 si\u0119 dwie tablice, o tre\u015bci: Harcerze seniorzy \/ i parafianie \/ Czuwaj \/ Chwa\u0142owice 2002, oraz druga: Wdzi\u0119czni i ufni \/ w mi\u0142osierdzie Boga.<\/strong><br \/>\nskrzy\u017cowanie ul. Szulika i ul. Obywatelskiej &#8211; Rybnik-Chwa\u0142owice<\/p>\n","protected":false},"excerpt":{"rendered":"<p>Chcieliby\u015bmy na tej stronie zgromadzi\u0107 informacj\u0119 o miejscach upami\u0119tniaj\u0105cych harcerzy i harcerki na terenie poszczeg\u00f3lnych Hufc\u00f3w w postaci &#8211; tablic pami\u0105tkowych, pomnik\u00f3w, g\u0142az\u00f3w itp. Gaw\u0119da hm. Krzysztofa Witkowskiego &#8222;Harcerskie miejsca pami\u0119ci na G\u00f3rnym \u015al\u0105sku&#8221; wyg\u0142oszona na sesji historycznej &#8222;Wizerunki \u015bl\u0105skiego harcerstwa w latach wojny i okupacji&#8221;, z tomu VIII Wszechnicy G\u00f3rno\u015bl\u0105skiej Harcerstwo \u015al\u0105skie w S\u0142u\u017cbie [&hellip;]<\/p>\n","protected":false},"author":2,"featured_media":0,"parent":81,"menu_order":0,"comment_status":"closed","ping_status":"closed","template":"","meta":{"postBodyCss":"","postBodyMargin":[],"postBodyPadding":[],"postBodyBackground":{"backgroundType":"classic","gradient":""},"footnotes":""},"class_list":["post-220","page","type-page","status-publish","hentry"],"_links":{"self":[{"href":"https:\/\/historyczna.slaska.zhp.pl\/index.php?rest_route=\/wp\/v2\/pages\/220","targetHints":{"allow":["GET"]}}],"collection":[{"href":"https:\/\/historyczna.slaska.zhp.pl\/index.php?rest_route=\/wp\/v2\/pages"}],"about":[{"href":"https:\/\/historyczna.slaska.zhp.pl\/index.php?rest_route=\/wp\/v2\/types\/page"}],"author":[{"embeddable":true,"href":"https:\/\/historyczna.slaska.zhp.pl\/index.php?rest_route=\/wp\/v2\/users\/2"}],"replies":[{"embeddable":true,"href":"https:\/\/historyczna.slaska.zhp.pl\/index.php?rest_route=%2Fwp%2Fv2%2Fcomments&post=220"}],"version-history":[{"count":20,"href":"https:\/\/historyczna.slaska.zhp.pl\/index.php?rest_route=\/wp\/v2\/pages\/220\/revisions"}],"predecessor-version":[{"id":1132,"href":"https:\/\/historyczna.slaska.zhp.pl\/index.php?rest_route=\/wp\/v2\/pages\/220\/revisions\/1132"}],"up":[{"embeddable":true,"href":"https:\/\/historyczna.slaska.zhp.pl\/index.php?rest_route=\/wp\/v2\/pages\/81"}],"wp:attachment":[{"href":"https:\/\/historyczna.slaska.zhp.pl\/index.php?rest_route=%2Fwp%2Fv2%2Fmedia&parent=220"}],"curies":[{"name":"wp","href":"https:\/\/api.w.org\/{rel}","templated":true}]}}