{"id":423,"date":"2019-05-10T17:06:28","date_gmt":"2019-05-10T15:06:28","guid":{"rendered":"http:\/\/historyczna.slaska.zhp.pl\/?page_id=423"},"modified":"2021-10-14T20:19:15","modified_gmt":"2021-10-14T18:19:15","slug":"repetytorium-cyfrowe-zasoby-wlasne","status":"publish","type":"page","link":"https:\/\/historyczna.slaska.zhp.pl\/?page_id=423","title":{"rendered":"Repetytorium cyfrowe &#8211; zasoby w\u0142asne"},"content":{"rendered":"<p>W tej zak\u0142adce pragniemy zamieszcza\u0107 skany dokument\u00f3w, czasopism, broszur, kt\u00f3re uda\u0142o nam si\u0119 pozyska\u0107, a kt\u00f3re na razie nie znajduj\u0105 si\u0119 w innych miejscach w Internecie.<\/p>\n<ol>\n<li><a href=\"https:\/\/drive.google.com\/file\/d\/1W4QVgbZfhxlB99Den66t__k-chq2yPgK\/view?usp=sharing\" target=\"_blank\" rel=\"noopener noreferrer\">Harcerz \u015al\u0105ski nr 1.<\/a><\/li>\n<li><a href=\"https:\/\/drive.google.com\/file\/d\/1T5tIwM5i8HRHKImPgHKhTLYtYJ9y4Xuj\/view?usp=sharing\" target=\"_blank\" rel=\"noopener noreferrer\">Harcerz \u015al\u0105ski nr 2.<\/a><\/li>\n<li><a href=\"https:\/\/drive.google.com\/file\/d\/1dCFGCrUVLFpUTnN5ULuAAHtcFSGD161R\/view?usp=sharing\" target=\"_blank\" rel=\"noopener noreferrer\">Harcerz \u015al\u0105ski nr 3.<\/a><\/li>\n<li><a href=\"https:\/\/drive.google.com\/file\/d\/1kVvJ87pcefk1FWwD56J0cVuVH7qOiF_0\/view?usp=sharing\" target=\"_blank\" rel=\"noopener noreferrer\">Harcerz \u015alaski nr 4.<\/a><\/li>\n<li><a href=\"https:\/\/drive.google.com\/file\/d\/12dyKfwozGxDQSB5zu91th9r7u_oyGPpL\/view?usp=sharing\" target=\"_blank\" rel=\"noopener noreferrer\">Harcerz \u015al\u0105ski nr 5<\/a><\/li>\n<li><a href=\"https:\/\/drive.google.com\/file\/d\/1_9Kz3jzSQ0eVlJpqF-aJnlnHKSg0K2mI\/view?usp=sharing\" target=\"_blank\" rel=\"noopener noreferrer\">Harcerz \u015al\u0105ski nr 6<\/a><\/li>\n<li><a href=\"https:\/\/drive.google.com\/file\/d\/1FR7dQovhSdbaEEpgbYCdkdHJBuud-Xpe\/view?usp=sharing\" target=\"_blank\" rel=\"noopener noreferrer\">Harcerz \u015al\u0105ski nr 7<\/a><\/li>\n<li><a href=\"https:\/\/drive.google.com\/file\/d\/1jsyuW2r42vt4LdJaG0378zx0sa3QTuMb\/view?usp=sharing\" target=\"_blank\" rel=\"noopener noreferrer\">Harcerz \u015al\u0105ski nr 8<\/a><\/li>\n<li><a href=\"https:\/\/drive.google.com\/file\/d\/1j_-iIJourA0EaGj2TAixc1-5FO_Wix8A\/view?usp=sharing\" target=\"_blank\" rel=\"noopener noreferrer\">Harcerz \u015al\u0105ski nr 9<\/a><\/li>\n<li><a href=\"https:\/\/drive.google.com\/file\/d\/1zNN9UclHTuluA8kKsI6ARL-NGOUQpsz0\/view?usp=sharing\" target=\"_blank\" rel=\"noopener noreferrer\">Harcerz \u015al\u0105ski nr 10<\/a><\/li>\n<li><a href=\"https:\/\/drive.google.com\/file\/d\/1ahvGNtFMAYy-ikz2NOgYhpSaU5hcffEy\/view?usp=sharing\" target=\"_blank\" rel=\"noopener noreferrer\">Harcerz \u015al\u0105ski nr 11<\/a><\/li>\n<li><a href=\"https:\/\/drive.google.com\/file\/d\/1oTSTKXf1TBwP0lpPA-wj4azaVFL4Eqn3\/view?usp=sharing\" target=\"_blank\" rel=\"noopener noreferrer\">Harcerz \u015al\u0105ski nr 12\u00a0<\/a><\/li>\n<li><a href=\"https:\/\/drive.google.com\/file\/d\/1CSYvHeTinUkBGbwkvSu4eZH9fbJ7Ivru\/view?usp=sharing\" target=\"_blank\" rel=\"noopener noreferrer\">Harcerz \u015al\u0105ski nr 13<\/a><\/li>\n<\/ol>\n<p><strong>Wiadomo\u015bci Urz\u0119dowe ZHP:<\/strong><\/p>\n<ol>\n<li><a href=\"https:\/\/drive.google.com\/file\/d\/11mMuD6S3QCkgk1WwahBSrkrLsoRe1_dJ\/view?usp=sharing\" target=\"_blank\" rel=\"noopener noreferrer\">Wiadomo\u015bci Urz\u0119dowe &#8211; 1923<\/a><\/li>\n<li><a href=\"https:\/\/drive.google.com\/file\/d\/1Lzlmv87MhwItzFkzkp4_lUukt7rEFhFe\/view?usp=sharing\" target=\"_blank\" rel=\"noopener noreferrer\">Wiadomo\u015bci Urz\u0119dowe &#8211; 1924<\/a><\/li>\n<li><a href=\"https:\/\/drive.google.com\/file\/d\/13SmoDZbrMXz4O5deeb_JmVjCH1iPpz_u\/view?usp=sharing\" target=\"_blank\" rel=\"noopener noreferrer\">Wiadomo\u015bci Urz\u0119dowe &#8211; 1925<\/a><\/li>\n<li><a href=\"https:\/\/drive.google.com\/file\/d\/1jpMVW54eaipOi1KxlBsk47DfnrpFhwZQ\/view?usp=sharing\" target=\"_blank\" rel=\"noopener noreferrer\">Wiadomo\u015bci Urz\u0119dowe &#8211; 1926<\/a><\/li>\n<li><a href=\"https:\/\/drive.google.com\/file\/d\/1q9uTS0j-gyGYlNVjAVCfPLguWTjWcnuK\/view?usp=sharing\" target=\"_blank\" rel=\"noopener noreferrer\">Wiadomo\u015bci Urz\u0119dowe &#8211; 1927<\/a><\/li>\n<li><a href=\"https:\/\/drive.google.com\/file\/d\/1mQ2ETu47dmdLz9jOzZD_h2O9SNoJnbEc\/view?usp=sharing\" target=\"_blank\" rel=\"noopener noreferrer\">Wiadomo\u015bci Urz\u0119dowe &#8211; 1928<\/a><\/li>\n<li><a href=\"https:\/\/drive.google.com\/file\/d\/1u19sCaaGuIwRkiOVjzkZBo1QSrKAXOIQ\/view?usp=sharing\" target=\"_blank\" rel=\"noopener noreferrer\">Wiadomo\u015bci Urz\u0119dowe &#8211; 1930<\/a><\/li>\n<li><a href=\"https:\/\/drive.google.com\/file\/d\/1IlZf27fnxw0KXk8LM00IrSG4CmtAKV5X\/view?usp=sharing\" target=\"_blank\" rel=\"noopener noreferrer\">Wiadomo\u015bci Urz\u0119dowe &#8211; 1938<\/a><\/li>\n<li><a href=\"https:\/\/drive.google.com\/file\/d\/1FOIvFbs7E_9lX5EryAzaiEqbCJwDUY5A\/view?usp=sharing\" target=\"_blank\" rel=\"noopener noreferrer\">Wiadomo\u015bci Urz\u0119dowe &#8211; 1939<\/a><\/li>\n<\/ol>\n<p><strong>Artyku\u0142y:<\/strong><\/p>\n<ol>\n<li><a href=\"http:\/\/historyczna.slaska.zhp.pl\/wp-content\/uploads\/2019\/06\/Slowo-Polskie-1909.pdf\" target=\"_blank\" rel=\"noopener noreferrer\">&#8222;Bi-bi&#8221; i &#8222;Bi-es&#8221; &#8211; artyku\u0142 w &#8222;S\u0142owo Polskie&#8221;, nr. 536 i 538, 1909<\/a><\/li>\n<\/ol>\n","protected":false},"excerpt":{"rendered":"<p>W tej zak\u0142adce pragniemy zamieszcza\u0107 skany dokument\u00f3w, czasopism, broszur, kt\u00f3re uda\u0142o nam si\u0119 pozyska\u0107, a kt\u00f3re na razie nie znajduj\u0105 si\u0119 w innych miejscach w Internecie. Harcerz \u015al\u0105ski nr 1. Harcerz \u015al\u0105ski nr 2. Harcerz \u015al\u0105ski nr 3. Harcerz \u015alaski nr 4. Harcerz \u015al\u0105ski nr 5 Harcerz \u015al\u0105ski nr 6 Harcerz \u015al\u0105ski nr 7 Harcerz [&hellip;]<\/p>\n","protected":false},"author":3,"featured_media":0,"parent":469,"menu_order":0,"comment_status":"closed","ping_status":"closed","template":"","meta":{"postBodyCss":"","postBodyMargin":[],"postBodyPadding":[],"postBodyBackground":{"backgroundType":"classic","gradient":""},"footnotes":""},"class_list":["post-423","page","type-page","status-publish","hentry"],"_links":{"self":[{"href":"https:\/\/historyczna.slaska.zhp.pl\/index.php?rest_route=\/wp\/v2\/pages\/423","targetHints":{"allow":["GET"]}}],"collection":[{"href":"https:\/\/historyczna.slaska.zhp.pl\/index.php?rest_route=\/wp\/v2\/pages"}],"about":[{"href":"https:\/\/historyczna.slaska.zhp.pl\/index.php?rest_route=\/wp\/v2\/types\/page"}],"author":[{"embeddable":true,"href":"https:\/\/historyczna.slaska.zhp.pl\/index.php?rest_route=\/wp\/v2\/users\/3"}],"replies":[{"embeddable":true,"href":"https:\/\/historyczna.slaska.zhp.pl\/index.php?rest_route=%2Fwp%2Fv2%2Fcomments&post=423"}],"version-history":[{"count":22,"href":"https:\/\/historyczna.slaska.zhp.pl\/index.php?rest_route=\/wp\/v2\/pages\/423\/revisions"}],"predecessor-version":[{"id":1002,"href":"https:\/\/historyczna.slaska.zhp.pl\/index.php?rest_route=\/wp\/v2\/pages\/423\/revisions\/1002"}],"up":[{"embeddable":true,"href":"https:\/\/historyczna.slaska.zhp.pl\/index.php?rest_route=\/wp\/v2\/pages\/469"}],"wp:attachment":[{"href":"https:\/\/historyczna.slaska.zhp.pl\/index.php?rest_route=%2Fwp%2Fv2%2Fmedia&parent=423"}],"curies":[{"name":"wp","href":"https:\/\/api.w.org\/{rel}","templated":true}]}}