{"id":532,"date":"2019-06-12T23:13:37","date_gmt":"2019-06-12T21:13:37","guid":{"rendered":"http:\/\/historyczna.slaska.zhp.pl\/?page_id=532"},"modified":"2025-09-11T22:21:16","modified_gmt":"2025-09-11T20:21:16","slug":"rozkazy","status":"publish","type":"page","link":"https:\/\/historyczna.slaska.zhp.pl\/?page_id=532","title":{"rendered":"Rozkazy Chor\u0105gwiane"},"content":{"rendered":"<p>Archiwalne rozkazy Komendanta Chor\u0105gwi Katowickiej\/\u015al\u0105skiej ZHP z lat:<\/p>\n<ul>\n<li>1925-1939 (Chor\u0105giew\u00a0Harcerzy)<\/li>\n<li>1945-1949 (Chor\u0105giew Harcerzy)<\/li>\n<li>1957-2000<\/li>\n<\/ul>\n<p>dost\u0119pne s\u0105 dla cz\u0142onk\u00f3w ZHP pod tym linkiem <a href=\"https:\/\/gkzhp.sharepoint.com\/:f:\/s\/historyczna.slaska\/EvCJe1EPMsBKnQXo99LU6g4BU6OMVEK8-wPhsLobb9Aaxg?e=8N94FL\" target=\"_blank\" rel=\"noopener noreferrer\"><strong>Rozkazy<\/strong><\/a><\/p>\n","protected":false},"excerpt":{"rendered":"<p>Archiwalne rozkazy Komendanta Chor\u0105gwi Katowickiej\/\u015al\u0105skiej ZHP z lat: 1925-1939 (Chor\u0105giew\u00a0Harcerzy) 1945-1949 (Chor\u0105giew Harcerzy) 1957-2000 dost\u0119pne s\u0105 dla cz\u0142onk\u00f3w ZHP pod tym linkiem Rozkazy<\/p>\n","protected":false},"author":2,"featured_media":0,"parent":469,"menu_order":0,"comment_status":"closed","ping_status":"closed","template":"","meta":{"postBodyCss":"","postBodyMargin":[],"postBodyPadding":[],"postBodyBackground":{"backgroundType":"classic","gradient":""},"footnotes":""},"class_list":["post-532","page","type-page","status-publish","hentry"],"_links":{"self":[{"href":"https:\/\/historyczna.slaska.zhp.pl\/index.php?rest_route=\/wp\/v2\/pages\/532","targetHints":{"allow":["GET"]}}],"collection":[{"href":"https:\/\/historyczna.slaska.zhp.pl\/index.php?rest_route=\/wp\/v2\/pages"}],"about":[{"href":"https:\/\/historyczna.slaska.zhp.pl\/index.php?rest_route=\/wp\/v2\/types\/page"}],"author":[{"embeddable":true,"href":"https:\/\/historyczna.slaska.zhp.pl\/index.php?rest_route=\/wp\/v2\/users\/2"}],"replies":[{"embeddable":true,"href":"https:\/\/historyczna.slaska.zhp.pl\/index.php?rest_route=%2Fwp%2Fv2%2Fcomments&post=532"}],"version-history":[{"count":43,"href":"https:\/\/historyczna.slaska.zhp.pl\/index.php?rest_route=\/wp\/v2\/pages\/532\/revisions"}],"predecessor-version":[{"id":1141,"href":"https:\/\/historyczna.slaska.zhp.pl\/index.php?rest_route=\/wp\/v2\/pages\/532\/revisions\/1141"}],"up":[{"embeddable":true,"href":"https:\/\/historyczna.slaska.zhp.pl\/index.php?rest_route=\/wp\/v2\/pages\/469"}],"wp:attachment":[{"href":"https:\/\/historyczna.slaska.zhp.pl\/index.php?rest_route=%2Fwp%2Fv2%2Fmedia&parent=532"}],"curies":[{"name":"wp","href":"https:\/\/api.w.org\/{rel}","templated":true}]}}