{"id":556,"date":"2019-06-30T16:22:38","date_gmt":"2019-06-30T14:22:38","guid":{"rendered":"http:\/\/historyczna.slaska.zhp.pl\/?page_id=556"},"modified":"2024-01-15T21:46:29","modified_gmt":"2024-01-15T20:46:29","slug":"lata-1949-nadal","status":"publish","type":"page","link":"https:\/\/historyczna.slaska.zhp.pl\/?page_id=556","title":{"rendered":"Lata 1949-nadal"},"content":{"rendered":"<p><strong>\u015al\u0105sko-D\u0105browska Chor\u0105giew Harcerstwa:<br \/>\n(od 22 stycznia 1949r) z po\u0142\u0105czenia \u015al\u0105sko-D\u0105browskiej Chor\u0105gwi Harcerzy i \u015al\u0105sko-D\u0105browskiej Chor\u0105gwi Harcerek<br \/>\n<\/strong><\/p>\n<ul style=\"list-style-type: none;\">\n<li>3 II \u2013 XI 1949 \u2013 <a href=\"http:\/\/historyczna.slaska.zhp.pl\/wp-content\/uploads\/2019\/05\/Niederlinski_Wojciech.pdf\" target=\"_blank\" rel=\"noreferrer noopener\">hm. Niederli\u0144ski Wojciech<\/a><\/li>\n<li>XI 1949 \u2013 1950 \u2013 hm. Zawada Alfons<\/li>\n<\/ul>\n<p><strong>Komenda Wojew\u00f3dzka Organizacji Harcerskiej PL:<\/strong><\/p>\n<ul style=\"list-style-type: none;\">\n<li>1956 \u2013 1957 \u2013 Haensel J\u00f3zef<\/li>\n<\/ul>\n<p><strong>Chor\u0105giew Katowicka ZHP, od IX 1999 Chor\u0105giew \u015al\u0105ska ZHP:<\/strong><\/p>\n<ul style=\"list-style-type: none;\">\n<li>I 1957 \u2013 25 II (1 IV) 1971 \u2013 hm. Haensel J\u00f3zef<\/li>\n<li>25 II (1 IV) 1971 \u2013 I 1974 \u2013 hm. Wojciechowski Jerzy<\/li>\n<li>I 1974 \u2013 XII 1978 \u2013 hm. G\u00f3rny Henryk<\/li>\n<li>I 1979 \u2013 X 1980 \u2013 hm. Jankowski Henryk<\/li>\n<li>X 1980 \u2013 IV 1988 \u2013 hm. Wo\u017aniak Janusz<\/li>\n<li>IV 1988 \u2013 I 2000 \u2013 hm. Cofa\u0142a Andrzej<\/li>\n<li>I 2000 \u2013 VI 2004 \u2013 hm. Jachta Mariusz<\/li>\n<li>VI 2004 \u2013 X 2014 \u2013 hm. Lichota Andrzej<\/li>\n<li>X 2014 \u2013 XI 2022\u2013 hm. Peterko Anna<\/li>\n<li>XI 2022 \u2013 nadal \u2013 hm. R\u00f3\u017cycki Marcin<\/li>\n<li>\u00a0<\/li>\n<\/ul>\n<p>Opracowano na podstawie:<\/p>\n<ul style=\"list-style-type: none;\">\n<li>&#8211; Tadeusz Czylok, &#8222;Harcerska lilijka na G\u00f3rnym \u015al\u0105sku&#8221;, Katowice 2003<\/li>\n<li>&#8211; Olgierd Fietkiewicz (red.), &#8222;Leksykon Harcerstwa&#8221;, Warszawa 1988<\/li>\n<li>&#8211; Rozkazy Komendanta Chor\u0105gwi<\/li>\n<\/ul>\n","protected":false},"excerpt":{"rendered":"<p>\u015al\u0105sko-D\u0105browska Chor\u0105giew Harcerstwa: (od 22 stycznia 1949r) z po\u0142\u0105czenia \u015al\u0105sko-D\u0105browskiej Chor\u0105gwi Harcerzy i \u015al\u0105sko-D\u0105browskiej Chor\u0105gwi Harcerek 3 II \u2013 XI 1949 \u2013 hm. Niederli\u0144ski Wojciech XI 1949 \u2013 1950 \u2013 hm. Zawada Alfons Komenda Wojew\u00f3dzka Organizacji Harcerskiej PL: 1956 \u2013 1957 \u2013 Haensel J\u00f3zef Chor\u0105giew Katowicka ZHP, od IX 1999 Chor\u0105giew \u015al\u0105ska ZHP: I 1957 [&hellip;]<\/p>\n","protected":false},"author":2,"featured_media":0,"parent":81,"menu_order":0,"comment_status":"closed","ping_status":"closed","template":"","meta":{"postBodyCss":"","postBodyMargin":[],"postBodyPadding":[],"postBodyBackground":{"backgroundType":"classic","gradient":""},"footnotes":""},"class_list":["post-556","page","type-page","status-publish","hentry"],"_links":{"self":[{"href":"https:\/\/historyczna.slaska.zhp.pl\/index.php?rest_route=\/wp\/v2\/pages\/556","targetHints":{"allow":["GET"]}}],"collection":[{"href":"https:\/\/historyczna.slaska.zhp.pl\/index.php?rest_route=\/wp\/v2\/pages"}],"about":[{"href":"https:\/\/historyczna.slaska.zhp.pl\/index.php?rest_route=\/wp\/v2\/types\/page"}],"author":[{"embeddable":true,"href":"https:\/\/historyczna.slaska.zhp.pl\/index.php?rest_route=\/wp\/v2\/users\/2"}],"replies":[{"embeddable":true,"href":"https:\/\/historyczna.slaska.zhp.pl\/index.php?rest_route=%2Fwp%2Fv2%2Fcomments&post=556"}],"version-history":[{"count":21,"href":"https:\/\/historyczna.slaska.zhp.pl\/index.php?rest_route=\/wp\/v2\/pages\/556\/revisions"}],"predecessor-version":[{"id":1124,"href":"https:\/\/historyczna.slaska.zhp.pl\/index.php?rest_route=\/wp\/v2\/pages\/556\/revisions\/1124"}],"up":[{"embeddable":true,"href":"https:\/\/historyczna.slaska.zhp.pl\/index.php?rest_route=\/wp\/v2\/pages\/81"}],"wp:attachment":[{"href":"https:\/\/historyczna.slaska.zhp.pl\/index.php?rest_route=%2Fwp%2Fv2%2Fmedia&parent=556"}],"curies":[{"name":"wp","href":"https:\/\/api.w.org\/{rel}","templated":true}]}}