{"id":586,"date":"2019-07-10T00:04:45","date_gmt":"2019-07-09T22:04:45","guid":{"rendered":"http:\/\/historyczna.slaska.zhp.pl\/?page_id=586"},"modified":"2022-05-25T09:45:29","modified_gmt":"2022-05-25T07:45:29","slug":"przedstawiciele-we-wladzach-naczelnych","status":"publish","type":"page","link":"https:\/\/historyczna.slaska.zhp.pl\/?page_id=586","title":{"rendered":"Przedstawiciele we W\u0142adzach Naczelnych"},"content":{"rendered":"<p>Instruktorzy z terenu Chor\u0105gwi we W\u0142adzach Naczelnych:<\/p>\n<p>Naczelna Rada Harcerska\/Rada Naczelna:<\/p>\n<p>1956 &#8211; 1959 &#8211; hm. Jan Bujakowski &#8211; cz\u0142onek NRH<br \/>\n1956 &#8211; ? &#8211; hm. J\u00f3zef Haensel &#8211; cz\u0142onek NRH, przewodnicz\u0105cy komisji gospodarczej (1959-1964)<br \/>\n1956 &#8211; 1964 &#8211; hm. Adela Jackowicz-Korczy\u0144ska &#8211; cz\u0142onek NRH<br \/>\n1956 &#8211; ? &#8211; phm. Jacek W\u0119grzynowicz &#8211; cz\u0142onek NRH<br \/>\n1956 &#8211; ? &#8211; hm. Antoni W\u0142odek &#8211; cz\u0142onek NRH<br \/>\n1956 &#8211; 1959 &#8211; hm. Alfons Zawada &#8211; cz\u0142onek NRH<br \/>\n1959 &#8211; 1964? &#8211; hm. Teodor Bartnik &#8211; cz\u0142onek NRH<br \/>\n1959 &#8211; 1961 &#8211; phm. Marian Gawro\u0144ski &#8211; cz\u0142onek NRH<\/p>\n<p>1985 &#8211; 1989 &#8211; hm. PL Feliks Bocian<br \/>\n1985 &#8211; 1989 &#8211; hm. PL Andrzej Cofa\u0142a<br \/>\n1985 &#8211; 1989 &#8211; hm. Dariusz Frysztacki<br \/>\n1985 &#8211; 1989 &#8211; hm. PL Franciszek Kajdaniuk<br \/>\n1985 &#8211; 1989 &#8211; hm. PL Czes\u0142aw Surma<br \/>\n1985 &#8211; 1989 &#8211; hm. PL Janusz Wo\u017aniak<br \/>\n1985 &#8211; 1989 &#8211; hm. Henryk Pietrek (Hufiec Lubliniec &#8211; Chor\u0105giew Cz\u0119stochowska)<br \/>\n1989 &#8211; 1990? &#8211; hm. PL Krzysztof Franek<br \/>\n1989 &#8211; 1990? &#8211; hm. Marek Muszer<br \/>\n1989 &#8211; 1990? &#8211; hm. Leszek Szulc<br \/>\n1989 &#8211; 1990? &#8211; hm. Marek Wydra<\/p>\n<p>? &#8211; 2000 &#8211; hm. W\u0142odzimierz Binka &#8211; cz\u0142onek RN<br \/>\n1990 &#8211; 2002 &#8211; hm. Gerard \u017borawik &#8211; sekretarz RN<br \/>\n2001 &#8211; 2005 &#8211; hm. Gra\u017cyna Widera &#8211; cz\u0142onek RN<br \/>\n2001 &#8211; 2005 &#8211; hm. Arkadiusz Godlewski &#8211; cz\u0142onek RN<br \/>\n2001 &#8211; 2005 &#8211; hm. Lucjan Kupczak &#8211; cz\u0142onek RN<br \/>\n2005 &#8211; 2007 &#8211; hm. Mariusz Jachta &#8211; wiceprzewodnicz\u0105cy ZHP<br \/>\n2005 &#8211; 2012 &#8211; hm. Andrzej J\u0105derko &#8211; cz\u0142onek RN, przewodnicz\u0105cy komisji ds. zarz\u0105dzania i finans\u00f3w (2007-2009), przewodnicz\u0105cy komisji ekonomicznej (2009-2012)<br \/>\n2005 &#8211; 2007 &#8211; hm. Marcin Jurkowski &#8211; cz\u0142onek RN<br \/>\n2005 &#8211; 2007 &#8211; hm. Adrian Staroniek &#8211; cz\u0142onek RN<br \/>\n2007 &#8211; 2009 &#8211; phm. Urszula Figura &#8211; cz\u0142onek RN<br \/>\n2007 &#8211; 2009 &#8211; hm. Artur Zi\u0119ba &#8211; cz\u0142onek RN<br \/>\n2009 &#8211; 2012 &#8211; hm. Jadwiga Kosakowska &#8211; cz\u0142onek RN<br \/>\n2009 &#8211; 2013 &#8211; hm. Marcin Jurkowski &#8211; cz\u0142onek RN<br \/>\n2012 &#8211; 2017 &#8211; hm. S\u0142awomir Gajda &#8211; cz\u0142onek RN<br \/>\n2012 &#8211; 2019 &#8211; hm. Adam Malarz &#8211; cz\u0142onek RN, przewodnicz\u0105cy komisji ds. wsparcia programowo-metodycznego (2018-2019)<br \/>\n2013 &#8211; 2022 &#8211; hm. Mariusz Maci\u00f3w &#8211; cz\u0142onek RN, przewodnicz\u0105cy komisji ds. zarz\u0105dzania organizacj\u0105 (2018-2022)<br \/>\n2017 &#8211; nadal &#8211; hm. Magdalena G\u00f3rna\u2013Prudel, cz\u0142onek RN, wiceprzewodnicz\u0105ca i przewodnicz\u0105ca komisji ds. pracy z kadr\u0105 (2018-2022)<br \/>\n2019 &#8211; nadal &#8211; hm. Marek Skucze\u0144 &#8211; cz\u0142onek RN<br \/>\n2022 &#8211; nadal &#8211; hm. Tomasz Huk &#8211; wiceprzewodnicz\u0105cy ZHP<br \/>\n2022 &#8211; nadal &#8211; hm. Krzysztof Cogiel &#8211; cz\u0142onek RN<\/p>\n<p>G\u0142\u00f3wna Kwatera:<br \/>\n1956 &#8211; 1961 &#8211; phm. Jacek W\u0119grzynowicz &#8211; zast\u0119pca naczelnika ZHP<br \/>\n1974 &#8211; 1980 &#8211; hm. PL Jerzy Wojciechowski &#8211; naczelnik ZHP<br \/>\n1989 &#8211; 1990 &#8211; hm. PL Andrzej Cofa\u0142a &#8211; cz\u0142onek<br \/>\n2001 &#8211; 2005 &#8211; hm. Anna Poraj &#8211; zast\u0119pca naczelnika ZHP<br \/>\n2022 &#8211; nadal &#8211; hm. Martyna Kowacka &#8211; naczelniczka ZHP<\/p>\n<p>Centralna Komisja Rewizyjna:<br \/>\n1956 &#8211; 1959 &#8211; hm. Teodor Bartnik &#8211; cz\u0142onek<br \/>\n1959 &#8211; 1964 &#8211; hm. Bogus\u0142aw Jakubowicz &#8211; przewodnicz\u0105cy<br \/>\n1981 &#8211; 2001 &#8211; hm. PL Marian Kozio\u0142 &#8211; cz\u0142onek, przewodnicz\u0105cy<br \/>\n2001 &#8211; 2009 &#8211; hm. Adam Skowronek &#8211; cz\u0142onek, wiceprzewodnicz\u0105cy (2005-2009)<br \/>\n2009 &#8211; 2022 &#8211; hm. Anna Piekarz &#8211; wiceprzewodnicz\u0105ca (2011-2013, 2017-2022), przewodnicz\u0105ca (2013-2017)<br \/>\n2022 &#8211; nadal &#8211; hm. Bartosz Mertas &#8211; cz\u0142onek<\/p>\n<p>Centralna Komisja Instruktorska\/Naczelny S\u0105d Harcerski:<br \/>\n1985? &#8211; 1989 &#8211; hm. PL Henryk Stangrecki<br \/>\n1989 &#8211; 1990? &#8211; hm. PL Stanis\u0142aw Jele\u0144<br \/>\n2001 &#8211; 2005 &#8211; hm. Zbigniew Sauer &#8211; przewodnicz\u0105cy<br \/>\n2005 &#8211; 2009 &#8211; hm. Jacek Borowiec &#8211; cz\u0142onek<br \/>\n2009 &#8211; 2017 &#8211; hm. Artur Zi\u0119ba &#8211; cz\u0142onek, wiceprzewodnicz\u0105cy (2013-2017)<br \/>\n2017 &#8211; nadal &#8211; hm. Tomasz Rawski &#8211; cz\u0142onek, przewodnicz\u0105cy (2022-nadal)<\/p>\n","protected":false},"excerpt":{"rendered":"<p>Instruktorzy z terenu Chor\u0105gwi we W\u0142adzach Naczelnych: Naczelna Rada Harcerska\/Rada Naczelna: 1956 &#8211; 1959 &#8211; hm. Jan Bujakowski &#8211; cz\u0142onek NRH 1956 &#8211; ? &#8211; hm. J\u00f3zef Haensel &#8211; cz\u0142onek NRH, przewodnicz\u0105cy komisji gospodarczej (1959-1964) 1956 &#8211; 1964 &#8211; hm. Adela Jackowicz-Korczy\u0144ska &#8211; cz\u0142onek NRH 1956 &#8211; ? &#8211; phm. Jacek W\u0119grzynowicz &#8211; cz\u0142onek NRH [&hellip;]<\/p>\n","protected":false},"author":2,"featured_media":0,"parent":0,"menu_order":0,"comment_status":"closed","ping_status":"closed","template":"","meta":{"postBodyCss":"","postBodyMargin":[],"postBodyPadding":[],"postBodyBackground":{"backgroundType":"classic","gradient":""},"footnotes":""},"class_list":["post-586","page","type-page","status-publish","hentry"],"_links":{"self":[{"href":"https:\/\/historyczna.slaska.zhp.pl\/index.php?rest_route=\/wp\/v2\/pages\/586","targetHints":{"allow":["GET"]}}],"collection":[{"href":"https:\/\/historyczna.slaska.zhp.pl\/index.php?rest_route=\/wp\/v2\/pages"}],"about":[{"href":"https:\/\/historyczna.slaska.zhp.pl\/index.php?rest_route=\/wp\/v2\/types\/page"}],"author":[{"embeddable":true,"href":"https:\/\/historyczna.slaska.zhp.pl\/index.php?rest_route=\/wp\/v2\/users\/2"}],"replies":[{"embeddable":true,"href":"https:\/\/historyczna.slaska.zhp.pl\/index.php?rest_route=%2Fwp%2Fv2%2Fcomments&post=586"}],"version-history":[{"count":16,"href":"https:\/\/historyczna.slaska.zhp.pl\/index.php?rest_route=\/wp\/v2\/pages\/586\/revisions"}],"predecessor-version":[{"id":1046,"href":"https:\/\/historyczna.slaska.zhp.pl\/index.php?rest_route=\/wp\/v2\/pages\/586\/revisions\/1046"}],"wp:attachment":[{"href":"https:\/\/historyczna.slaska.zhp.pl\/index.php?rest_route=%2Fwp%2Fv2%2Fmedia&parent=586"}],"curies":[{"name":"wp","href":"https:\/\/api.w.org\/{rel}","templated":true}]}}