{"id":600,"date":"2019-07-22T23:05:06","date_gmt":"2019-07-22T21:05:06","guid":{"rendered":"http:\/\/historyczna.slaska.zhp.pl\/?page_id=600"},"modified":"2025-06-28T11:31:07","modified_gmt":"2025-06-28T09:31:07","slug":"kontakt","status":"publish","type":"page","link":"https:\/\/historyczna.slaska.zhp.pl\/?page_id=600","title":{"rendered":"Kontakt"},"content":{"rendered":"\t\t<div data-elementor-type=\"wp-page\" data-elementor-id=\"600\" class=\"elementor elementor-600\">\n\t\t\t\t<div class=\"elementor-element elementor-element-a991183 e-flex e-con-boxed e-con e-parent\" data-id=\"a991183\" data-element_type=\"container\" data-e-type=\"container\">\n\t\t\t\t\t<div class=\"e-con-inner\">\n\t\t<div class=\"elementor-element elementor-element-d008794 e-con-full e-flex e-con e-child\" data-id=\"d008794\" data-element_type=\"container\" data-e-type=\"container\">\n\t\t\t\t<div class=\"elementor-element elementor-element-0f3c0a8 elementor-widget elementor-widget-image\" data-id=\"0f3c0a8\" data-element_type=\"widget\" data-e-type=\"widget\" data-widget_type=\"image.default\">\n\t\t\t\t<div class=\"elementor-widget-container\">\n\t\t\t\t\t\t\t\t\t\t\t\t\t\t\t<img decoding=\"async\" src=\"https:\/\/historyczna.slaska.zhp.pl\/wp-content\/uploads\/2025\/06\/kontakt-komisja-historyczna-zhp-slaskie.jpg\" title=\"Kontakt &#8211; Komisja Historyczna Chor\u0105gwi \u015al\u0105skiej ZHP\" alt=\"Obrazek dekoracyjny z napisem &quot;Kontakt&quot;\" loading=\"lazy\" \/>\t\t\t\t\t\t\t\t\t\t\t\t\t\t\t<\/div>\n\t\t\t\t<\/div>\n\t\t\t\t<div class=\"elementor-element elementor-element-bdc2aeb elementor-widget elementor-widget-text-editor\" data-id=\"bdc2aeb\" data-element_type=\"widget\" data-e-type=\"widget\" data-widget_type=\"text-editor.default\">\n\t\t\t\t<div class=\"elementor-widget-container\">\n\t\t\t\t\t\t\t\t\t<p>Je\u015bli chcesz si\u0119 z nami skontaktowa\u0107, podzieli\u0107 si\u0119 swoj\u0105 historyczn\u0105 wiedz\u0105, albo materia\u0142ami &#8211; pisz: <a href=\"mailto:historyczna@slaska.zhp.pl\">historyczna@slaska.zhp.pl<\/a><\/p>\n<p>W celu um\u00f3wienia spotkania kontakt z hm. Mari\u0105 Stangreck\u0105 &#8211; 507 973 549<\/p>\n<p>Stron\u0119 prowadzi:<br \/>pwd. \u0141ukasz Stangrecki<\/p>\t\t\t\t\t\t\t\t<\/div>\n\t\t\t\t<\/div>\n\t\t\t\t<\/div>\n\t\t<div class=\"elementor-element elementor-element-ef070de e-con-full e-flex e-con e-child\" data-id=\"ef070de\" data-element_type=\"container\" data-e-type=\"container\">\n\t\t\t\t<div class=\"elementor-element elementor-element-94fb5c8 elementor-hidden-tablet elementor-hidden-mobile elementor-widget elementor-widget-html\" data-id=\"94fb5c8\" data-element_type=\"widget\" data-e-type=\"widget\" data-widget_type=\"html.default\">\n\t\t\t\t<div class=\"elementor-widget-container\">\n\t\t\t\t\t<h3>Zobacz, co u nas s\u0142ycha\u0107<\/h3>\n<iframe src=\"https:\/\/www.facebook.com\/plugins\/page.php?href=https%3A%2F%2Fwww.facebook.com%2Fprofile.php%3Fid%3D100066907041698&tabs=timeline&width=300&height=500&small_header=false&adapt_container_width=true&hide_cover=false&show_facepile=true&appId=113134452681290\" width=\"300\" height=\"500\" style=\"border:none;overflow:hidden\" scrolling=\"no\" frameborder=\"0\" allowfullscreen=\"true\" allow=\"autoplay; clipboard-write; encrypted-media; picture-in-picture; web-share\"><\/iframe>\t\t\t\t<\/div>\n\t\t\t\t<\/div>\n\t\t\t\t<\/div>\n\t\t\t\t\t<\/div>\n\t\t\t\t<\/div>\n\t\t\t\t<\/div>\n\t\t","protected":false},"excerpt":{"rendered":"<p>Je\u015bli chcesz si\u0119 z nami skontaktowa\u0107, podzieli\u0107 si\u0119 swoj\u0105 historyczn\u0105 wiedz\u0105, albo materia\u0142ami &#8211; pisz: historyczna@slaska.zhp.pl W celu um\u00f3wienia spotkania kontakt z hm. Mari\u0105 Stangreck\u0105 &#8211; 507 973 549 Stron\u0119 prowadzi:pwd. \u0141ukasz Stangrecki Zobacz, co u nas s\u0142ycha\u0107<\/p>\n","protected":false},"author":2,"featured_media":0,"parent":76,"menu_order":0,"comment_status":"closed","ping_status":"closed","template":"","meta":{"postBodyCss":"","postBodyMargin":[],"postBodyPadding":[],"postBodyBackground":{"backgroundType":"classic","gradient":""},"footnotes":""},"class_list":["post-600","page","type-page","status-publish","hentry"],"_links":{"self":[{"href":"https:\/\/historyczna.slaska.zhp.pl\/index.php?rest_route=\/wp\/v2\/pages\/600","targetHints":{"allow":["GET"]}}],"collection":[{"href":"https:\/\/historyczna.slaska.zhp.pl\/index.php?rest_route=\/wp\/v2\/pages"}],"about":[{"href":"https:\/\/historyczna.slaska.zhp.pl\/index.php?rest_route=\/wp\/v2\/types\/page"}],"author":[{"embeddable":true,"href":"https:\/\/historyczna.slaska.zhp.pl\/index.php?rest_route=\/wp\/v2\/users\/2"}],"replies":[{"embeddable":true,"href":"https:\/\/historyczna.slaska.zhp.pl\/index.php?rest_route=%2Fwp%2Fv2%2Fcomments&post=600"}],"version-history":[{"count":12,"href":"https:\/\/historyczna.slaska.zhp.pl\/index.php?rest_route=\/wp\/v2\/pages\/600\/revisions"}],"predecessor-version":[{"id":1653,"href":"https:\/\/historyczna.slaska.zhp.pl\/index.php?rest_route=\/wp\/v2\/pages\/600\/revisions\/1653"}],"up":[{"embeddable":true,"href":"https:\/\/historyczna.slaska.zhp.pl\/index.php?rest_route=\/wp\/v2\/pages\/76"}],"wp:attachment":[{"href":"https:\/\/historyczna.slaska.zhp.pl\/index.php?rest_route=%2Fwp%2Fv2%2Fmedia&parent=600"}],"curies":[{"name":"wp","href":"https:\/\/api.w.org\/{rel}","templated":true}]}}