{"id":677,"date":"2019-09-30T00:11:51","date_gmt":"2019-09-29T22:11:51","guid":{"rendered":"http:\/\/historyczna.slaska.zhp.pl\/?page_id=677"},"modified":"2020-11-01T20:57:28","modified_gmt":"2020-11-01T19:57:28","slug":"pomnik-harcerzy-slaskich","status":"publish","type":"page","link":"https:\/\/historyczna.slaska.zhp.pl\/?page_id=677","title":{"rendered":"Pomnik Harcerzy \u015al\u0105skich"},"content":{"rendered":"<p>Pierwszy Pomnik Harcerzy ods\u0142oni\u0119ty w 1949, w miejscu pierwszej skromnej tabliczki.<\/p>\n<p><a href=\"http:\/\/historyczna.slaska.zhp.pl\/wp-content\/uploads\/2020\/01\/Pomnik_harcerzy_1949.jpg\"><img fetchpriority=\"high\" decoding=\"async\" class=\"aligncenter size-large wp-image-802\" src=\"http:\/\/historyczna.slaska.zhp.pl\/wp-content\/uploads\/2020\/01\/Pomnik_harcerzy_1949-1024x624.jpg\" alt=\"\" width=\"1024\" height=\"624\" srcset=\"https:\/\/historyczna.slaska.zhp.pl\/wp-content\/uploads\/2020\/01\/Pomnik_harcerzy_1949-1024x624.jpg 1024w, https:\/\/historyczna.slaska.zhp.pl\/wp-content\/uploads\/2020\/01\/Pomnik_harcerzy_1949-300x183.jpg 300w, https:\/\/historyczna.slaska.zhp.pl\/wp-content\/uploads\/2020\/01\/Pomnik_harcerzy_1949-768x468.jpg 768w, https:\/\/historyczna.slaska.zhp.pl\/wp-content\/uploads\/2020\/01\/Pomnik_harcerzy_1949.jpg 1443w\" sizes=\"(max-width: 1024px) 100vw, 1024px\" \/><\/a><\/p>\n<p><a href=\"http:\/\/historyczna.slaska.zhp.pl\/wp-content\/uploads\/2020\/01\/Krzy\u015bk\u00f3w_K-D\u0142uga_droga_do_ods\u0142oni\u0119cia.pdf\" target=\"_blank\" rel=\"noopener noreferrer\">Referat Kazimierza Krzy\u015bkowa &#8222;D\u0142uga droga do ods\u0142oni\u0119cia Pomnika Harcerek i Harcerzy \u015al\u0105skich&#8221; wyg\u0142oszony na sesji historycznej &#8222;Wizerunki \u015bl\u0105skiego harcerstwa w latach wojny i okupacji&#8221;, z tomu VIII Wszechnicy G\u00f3rno\u015bl\u0105skiej<\/a><\/p>\n<p>Film o powstaniu obecnego Pomnika, kt\u00f3ry swoj\u0105 premier\u0119 mia\u0142 3.09.2019 na Konferencji Instruktorskiej dotycz\u0105cej 80 rocznicy wybuchu II Wojny \u015awiatowej i 36 rocznicy ods\u0142oni\u0119cia Pomnika Harcerzy \u015al\u0105skich w Katowicach.<\/p>\n<p><iframe src=\"https:\/\/www.youtube.com\/embed\/PFBbHMoEN-I\" width=\"640\" height=\"360\" frameborder=\"0\" allowfullscreen=\"allowfullscreen\"><span style=\"display: inline-block; width: 0px; overflow: hidden; line-height: 0;\" data-mce-type=\"bookmark\" class=\"mce_SELRES_start\"><span style=\"display: inline-block; width: 0px; overflow: hidden; line-height: 0;\" data-mce-type=\"bookmark\" class=\"mce_SELRES_start\">\ufeff<\/span>\ufeff<\/span><span style=\"display: inline-block; width: 0px; overflow: hidden; line-height: 0;\" data-mce-type=\"bookmark\" class=\"mce_SELRES_start\">\ufeff<\/span><\/iframe><\/p>\n<p><a href=\"http:\/\/historyczna.slaska.zhp.pl\/wp-content\/uploads\/2020\/01\/Z_Nowak_Slask_2018_11_67.pdf\">Artyku\u0142 Zygfryda Nowaka &#8222;35 lat na katowickim rynku \u2013 Pomnik Harcerzy \u015al\u0105skich&#8221; w miesi\u0119czniku \u015al\u0105sk, nr 11 z 2018r.<\/a><\/p>\n<p><a href=\"http:\/\/historyczna.slaska.zhp.pl\/wp-content\/uploads\/2020\/01\/K_Heska_Slask_2019_9_77.pdf\">Artyku\u0142 Krystyny Heskiej-Kwa\u015bniewicz &#8222;Wrzesie\u0144 na katowickim Rynku&#8221; w miesi\u0119czniku \u015al\u0105sk, nr 9 z 2019r.<\/a><\/p>\n<p>Wspomnienia dh. Juliusza Szaflika &#8211; Przewodnicz\u0105cego Komitetu Budowy Pomnika Harcerzy.<\/p>\n<p><iframe src=\"https:\/\/www.youtube.com\/embed\/cwtvXx4I-3k\" width=\"640\" height=\"360\" frameborder=\"0\" allowfullscreen=\"allowfullscreen\"><\/iframe><\/p>\n<p>Artyku\u0142 o tworzeniu Pomnika:<br \/>\n<a href=\"https:\/\/historyczna.slaska.zhp.pl\/wp-content\/uploads\/2020\/11\/tworzenie_pomnika.jpg\"><img decoding=\"async\" class=\"size-large wp-image-779 alignnone\" src=\"https:\/\/historyczna.slaska.zhp.pl\/wp-content\/uploads\/2020\/11\/tworzenie_pomnika.jpg\" alt=\"\" width=\"600\" \/><\/a><\/p>\n<p>Amatorski film z ods\u0142oni\u0119cia Pomnika nakr\u0119cony przez hm. Lecha Stachur\u0119 z Krakowa.<\/p>\n<p><iframe src=\"https:\/\/www.youtube.com\/embed\/lyTJw5G3gU0\" width=\"640\" height=\"360\" frameborder=\"0\" allowfullscreen=\"allowfullscreen\"><\/iframe><\/p>\n<p>Zdj\u0119cia z ods\u0142oni\u0119cia Pomnika: <style>      div.simple-google-photos-grid {\n        width:100%;\n        height:100%;\n        overflow:hidden;\n      }\n      div.simple-google-photos-grid-cell {\n        box-sizing:border-box;\n        padding:5px;\n        float:left;\n      }\n      img.simple-google-photos-grid-image {\n        object-fit: cover;\n      }<\/style><div class=\"simple-google-photos-grid\"><div class=\"simple-google-photos-grid-cell\" style=\"width:25%\"><a href=\"https:\/\/photos.app.goo.gl\/R5zGMCo2bNnjuvqp6\" target=\"_blank\"><img decoding=\"async\" src=\"https:\/\/lh3.googleusercontent.com\/pw\/AP1GczPvMNheaiXAm3lBrC_cn4NFVPRXITLigG9BueBg18jvJB9fTs-WPzkGYaDNAE4GHtNO23GBAPkxF3azaAw1loQSG7_dBREX5t5wGSc52nETH3A0Pko\" alt=\"Google Photo\" class=\"simple-google-photos-grid-image\"><\/a><\/div><div class=\"simple-google-photos-grid-cell\" style=\"width:25%\"><a href=\"https:\/\/photos.app.goo.gl\/R5zGMCo2bNnjuvqp6\" target=\"_blank\"><img decoding=\"async\" src=\"https:\/\/lh3.googleusercontent.com\/pw\/AP1GczO-3AD8rSO3HpUdYU7Ayfhr9Me30Yxy6FEnwa4pfxAY9BXEXL5BAR2coTg9SLh_dJru-HOkAQiBHeYsOi4E2xtpYRd2GWYoetL-EQevz89RsXb9GEc\" alt=\"Google Photo\" class=\"simple-google-photos-grid-image\"><\/a><\/div><div class=\"simple-google-photos-grid-cell\" style=\"width:25%\"><a href=\"https:\/\/photos.app.goo.gl\/R5zGMCo2bNnjuvqp6\" target=\"_blank\"><img decoding=\"async\" src=\"https:\/\/lh3.googleusercontent.com\/pw\/AP1GczP14In03bd1VFM_Ey2DUT5ii8ffvIFyvllM3F5YQzh3Nu6HiJq1QCpiSr36p7bynm_9zmj0g7w3AogIgqY3Gsd9khzy4MpyD6M-G_49vbHqzTbnhUE\" alt=\"Google Photo\" class=\"simple-google-photos-grid-image\"><\/a><\/div><div class=\"simple-google-photos-grid-cell\" style=\"width:25%\"><a href=\"https:\/\/photos.app.goo.gl\/R5zGMCo2bNnjuvqp6\" target=\"_blank\"><img decoding=\"async\" src=\"https:\/\/lh3.googleusercontent.com\/pw\/AP1GczOtHYJZ7OqDexgMjMC6XuF_ONc89zkkuRcrp8I6DpDevjuNdaEX8fEOyuM1_kQTG5fxDb61jNDbewMadVAhNEmD9bOMMj-Ls3Rgy6LnYecAPgzJRl4\" alt=\"Google Photo\" class=\"simple-google-photos-grid-image\"><\/a><\/div><div class=\"simple-google-photos-grid-cell\" style=\"width:25%\"><a href=\"https:\/\/photos.app.goo.gl\/R5zGMCo2bNnjuvqp6\" target=\"_blank\"><img decoding=\"async\" src=\"https:\/\/lh3.googleusercontent.com\/pw\/AP1GczNa2IinCKFo_2OFIiBfOXZVH_e3OyRN-XyRnHMyK2QDnTNSTXh8LQe4TPQQ24sNGk45ZHFfjJ74FY0LdqUnu9H7-XP_RJMKxiS0zdJdTAFeRYssDdA\" alt=\"Google Photo\" class=\"simple-google-photos-grid-image\"><\/a><\/div><div class=\"simple-google-photos-grid-cell\" style=\"width:25%\"><a href=\"https:\/\/photos.app.goo.gl\/R5zGMCo2bNnjuvqp6\" target=\"_blank\"><img decoding=\"async\" src=\"https:\/\/lh3.googleusercontent.com\/pw\/AP1GczOZq9JKavXsViy0o4IvRl7lpULsRPiQXieNmcWtB5aCR-P2ArGD-CwE0i6Mj2RxKG0IN_CGAv_ZR3Ac-O56yu8iOUa84KsceUGwhMfoA-BSeQ6liTw\" alt=\"Google Photo\" class=\"simple-google-photos-grid-image\"><\/a><\/div><div class=\"simple-google-photos-grid-cell\" style=\"width:25%\"><a href=\"https:\/\/photos.app.goo.gl\/R5zGMCo2bNnjuvqp6\" target=\"_blank\"><img decoding=\"async\" src=\"https:\/\/lh3.googleusercontent.com\/pw\/AP1GczOIPxHmAX40_GGJ7SvJtEfhVOydMC72jpLf0N9HPD4cQqiPG1Zzh8AC_MYcQyCoYia28grMuC_hNI83l4wfJ6YEnBMSQHjBAE2om03SiYOvGb4jsLw\" alt=\"Google Photo\" class=\"simple-google-photos-grid-image\"><\/a><\/div><div class=\"simple-google-photos-grid-cell\" style=\"width:25%\"><a href=\"https:\/\/photos.app.goo.gl\/R5zGMCo2bNnjuvqp6\" target=\"_blank\"><img decoding=\"async\" src=\"https:\/\/lh3.googleusercontent.com\/pw\/AP1GczNvyJAjy4Y4WH2N9ftegV9zs0Fd-BQp2-BM8TQCj8ED69a3v0Lm9G0_MfzFw5UDDZUslXc-mSeqhDUf-QLG3S7aLk-nBOYYBqO3ysFp4-SWZJ6MRNM\" alt=\"Google Photo\" class=\"simple-google-photos-grid-image\"><\/a><\/div><div class=\"simple-google-photos-grid-cell\" style=\"width:25%\"><a href=\"https:\/\/photos.app.goo.gl\/R5zGMCo2bNnjuvqp6\" target=\"_blank\"><img decoding=\"async\" src=\"https:\/\/lh3.googleusercontent.com\/pw\/AP1GczMDS8VwQrSq-t_uvFBqJ5BRaGSYo4luip1DC3ZnOZRfIauV-LoK_X_Qj7_3vg222kY7SG2Vv1Yde1Af7zmxVDFP0f6nxtFFU4JiqvqI6L1f872jR7g\" alt=\"Google Photo\" class=\"simple-google-photos-grid-image\"><\/a><\/div><div class=\"simple-google-photos-grid-cell\" style=\"width:25%\"><a href=\"https:\/\/photos.app.goo.gl\/R5zGMCo2bNnjuvqp6\" target=\"_blank\"><img decoding=\"async\" src=\"https:\/\/lh3.googleusercontent.com\/pw\/AP1GczMTv6LA5mwjDPJ2GtKztRF78zLcD1VZHl8o9EZQlGR5gNS3uBiXSS0sNk-MIy1KFeKLAXpGNYDN85j_lPPN_8l2l-4X66Vn86rS0U3Biu4YOn1JrxU\" alt=\"Google Photo\" class=\"simple-google-photos-grid-image\"><\/a><\/div><div class=\"simple-google-photos-grid-cell\" style=\"width:25%\"><a href=\"https:\/\/photos.app.goo.gl\/R5zGMCo2bNnjuvqp6\" target=\"_blank\"><img decoding=\"async\" src=\"https:\/\/lh3.googleusercontent.com\/pw\/AP1GczP8-nO_jNuYmiMgz9hLSVtaBPsY8d-sXhiginxYgn_vBGBITcZ_18RVdBsipM_hveTjtrSILyyhYOij17jLB1Vlsv_ImBT-JrJuVCiALMcSUKFp0rI\" alt=\"Google Photo\" class=\"simple-google-photos-grid-image\"><\/a><\/div><div class=\"simple-google-photos-grid-cell\" style=\"width:25%\"><a href=\"https:\/\/photos.app.goo.gl\/R5zGMCo2bNnjuvqp6\" target=\"_blank\"><img decoding=\"async\" src=\"https:\/\/lh3.googleusercontent.com\/pw\/AP1GczOMBtJBiutolgxADdu9oodnyNcgmQzynEjAIcFqc1GBlrF6XRb5giTYRNLzSBjLkNca5NmitUW0VKxDP_a2xMVHiBxSVWlR9EgPbHyOdMwG9-BKess\" alt=\"Google Photo\" class=\"simple-google-photos-grid-image\"><\/a><\/div><div class=\"simple-google-photos-grid-cell\" style=\"width:25%\"><a href=\"https:\/\/photos.app.goo.gl\/R5zGMCo2bNnjuvqp6\" target=\"_blank\"><img decoding=\"async\" src=\"https:\/\/lh3.googleusercontent.com\/pw\/AP1GczOS66DlITk0o0cc8C7iANNyK8gJ6OtVJzt8sPK-qfEw-Rur4cCnmnC5HRlgyTzcjlyBEK3m7dyBnTtHGUjhoovdpm-80Tg17j6JRWH0rpE4u6slryE\" alt=\"Google Photo\" class=\"simple-google-photos-grid-image\"><\/a><\/div><div class=\"simple-google-photos-grid-cell\" style=\"width:25%\"><a href=\"https:\/\/photos.app.goo.gl\/R5zGMCo2bNnjuvqp6\" target=\"_blank\"><img decoding=\"async\" src=\"https:\/\/lh3.googleusercontent.com\/pw\/AP1GczO6bhu815f6ARU4YhZtM5-94N4w6_tS02SsGWrW6NPR_EmtC-9XDa80HuZz8xcKOg5qjHmEuL7X84T9q_1ZjLiCU635OwAMSO3X-1n70CfS4KDzLBA\" alt=\"Google Photo\" class=\"simple-google-photos-grid-image\"><\/a><\/div><div class=\"simple-google-photos-grid-cell\" style=\"width:25%\"><a href=\"https:\/\/photos.app.goo.gl\/R5zGMCo2bNnjuvqp6\" target=\"_blank\"><img decoding=\"async\" src=\"https:\/\/lh3.googleusercontent.com\/pw\/AP1GczNA6OvZFKVCOFMbQIBpCQtiZf1QoVPjdpQgjcxsc9VhrVY2rKdDbF1cj_Xps1yYmSQa9LBiehMSDknuSk6fb0B2p6UJRRF-tEFBDlCksqh9JPSyM3U\" alt=\"Google Photo\" class=\"simple-google-photos-grid-image\"><\/a><\/div><div class=\"simple-google-photos-grid-cell\" style=\"width:25%\"><a href=\"https:\/\/photos.app.goo.gl\/R5zGMCo2bNnjuvqp6\" target=\"_blank\"><img decoding=\"async\" src=\"https:\/\/lh3.googleusercontent.com\/pw\/AP1GczORfmlMsSoIjXHvtanVx5j6_sGbJY-157I6wu8hogXaPXi1bbift5HVQqV5zhZYqRHIs-wHgLGInAVhpCEXYpUeYrkDGtLoDGLIkJYYOofAAJGZQZM\" alt=\"Google Photo\" class=\"simple-google-photos-grid-image\"><\/a><\/div><div class=\"simple-google-photos-grid-cell\" style=\"width:25%\"><a href=\"https:\/\/photos.app.goo.gl\/R5zGMCo2bNnjuvqp6\" target=\"_blank\"><img decoding=\"async\" src=\"https:\/\/lh3.googleusercontent.com\/pw\/AP1GczOMaGSWvrIVaKD8i7MxdNVJa3bBvA_jy9NGzVOgHPNXs1V_tD2oNrUxi5ssUTEhK4cVALxxpuEyR4OGUVvKg2cWtB59PnebriV026dsrdLQ0OeojFc\" alt=\"Google Photo\" class=\"simple-google-photos-grid-image\"><\/a><\/div><div class=\"simple-google-photos-grid-cell\" style=\"width:25%\"><a href=\"https:\/\/photos.app.goo.gl\/R5zGMCo2bNnjuvqp6\" target=\"_blank\"><img decoding=\"async\" src=\"https:\/\/lh3.googleusercontent.com\/pw\/AP1GczMAs2s4kq3ZToZP9VP4D2Grik0Ev6iCOwe0qYA36BxYIYOzPZVKUF8sq9FCe8TfiTRcjE3LymsOIYsLMlIBjILYF0llQbYAsnjGlML7EfMiOO4jvcM\" alt=\"Google Photo\" class=\"simple-google-photos-grid-image\"><\/a><\/div><div class=\"simple-google-photos-grid-cell\" style=\"width:25%\"><a href=\"https:\/\/photos.app.goo.gl\/R5zGMCo2bNnjuvqp6\" target=\"_blank\"><img decoding=\"async\" src=\"https:\/\/lh3.googleusercontent.com\/pw\/AP1GczOnI0wBdwiTDCguBorJjputzTd239Y3oRyAyciuiF6kZLrVpfcZr5Li0Cn_AnKMoWF7_E_04MTtajjAiRbZ1PFB-PqXY3N5C1xGU1NjphP_872ggLM\" alt=\"Google Photo\" class=\"simple-google-photos-grid-image\"><\/a><\/div><div class=\"simple-google-photos-grid-cell\" style=\"width:25%\"><a href=\"https:\/\/photos.app.goo.gl\/R5zGMCo2bNnjuvqp6\" target=\"_blank\"><img decoding=\"async\" src=\"https:\/\/lh3.googleusercontent.com\/pw\/AP1GczME5k9D0DgEWHX7o4JxoJ8UbpXrVYYshJPMgk4AvjfAwDmfUM88JOcCxGAnj42aoITZnW7cY9cH2DUJLa2fXeLm6rsd2f6OT8hT57Ba52ZbxPuoZy8\" alt=\"Google Photo\" class=\"simple-google-photos-grid-image\"><\/a><\/div><div class=\"simple-google-photos-grid-cell\" style=\"width:25%\"><a href=\"https:\/\/photos.app.goo.gl\/R5zGMCo2bNnjuvqp6\" target=\"_blank\"><img decoding=\"async\" src=\"https:\/\/lh3.googleusercontent.com\/pw\/AP1GczOskUORulLqXLtCAePbOhMIXWUbTTp-f7Rx6psWMwpbm0zujabNNRCqwnOdm7cPRp99IaJB3k9jBdt16UWxl88YFz4kzpxNTUgBzqd-JM47atp4Gsc\" alt=\"Google Photo\" class=\"simple-google-photos-grid-image\"><\/a><\/div><div class=\"simple-google-photos-grid-cell\" style=\"width:25%\"><a href=\"https:\/\/photos.app.goo.gl\/R5zGMCo2bNnjuvqp6\" target=\"_blank\"><img decoding=\"async\" src=\"https:\/\/lh3.googleusercontent.com\/pw\/AP1GczPdvYI196WlpEjDMeMHVYX-9SZSoyaQnqgjgPQfBqZEC8l82ZjdIu9stm5E2vq7TTHsAd5zM9a60sBKu__Aubl4Eapp-iiLj-ttlb1drgDgqWdC_sY\" alt=\"Google Photo\" class=\"simple-google-photos-grid-image\"><\/a><\/div><div class=\"simple-google-photos-grid-cell\" style=\"width:25%\"><a href=\"https:\/\/photos.app.goo.gl\/R5zGMCo2bNnjuvqp6\" target=\"_blank\"><img decoding=\"async\" src=\"https:\/\/lh3.googleusercontent.com\/pw\/AP1GczMiTrH1YEQwhTcHUHigrneF-EWzdpGGv3m8wf0FLNZ8Knc7QLBvEkd4M35GbDKRna0YCXk1R1jThnGVCgEoBg7GffBc8efbSXMjge3GlsF0Hkrqy54\" alt=\"Google Photo\" class=\"simple-google-photos-grid-image\"><\/a><\/div><div class=\"simple-google-photos-grid-cell\" style=\"width:25%\"><a href=\"https:\/\/photos.app.goo.gl\/R5zGMCo2bNnjuvqp6\" target=\"_blank\"><img decoding=\"async\" src=\"https:\/\/lh3.googleusercontent.com\/pw\/AP1GczPQb8QuK3qBaII3DeWXQDFaWNNXLHpFFne7ZiHk9d57MRfYvh0o2feko_EIWUaLsux9WEHkVASkPueO4Eavp86ODuLblN8YKBP9r8pGSYUGUoY-DHQ\" alt=\"Google Photo\" class=\"simple-google-photos-grid-image\"><\/a><\/div><div class=\"simple-google-photos-grid-cell\" style=\"width:25%\"><a href=\"https:\/\/photos.app.goo.gl\/R5zGMCo2bNnjuvqp6\" target=\"_blank\"><img decoding=\"async\" src=\"https:\/\/lh3.googleusercontent.com\/pw\/AP1GczNZku4jYCy_cSHmGkzfe5XIRLXU7T2Wlekhxf-ezRszRRdfDdHH2tN21qgCdCkuli-x-GICAcgXPIQFp9HBxj2hInAk53sw6Ajc4tKAUarie0De-58\" alt=\"Google Photo\" class=\"simple-google-photos-grid-image\"><\/a><\/div><div class=\"simple-google-photos-grid-cell\" style=\"width:25%\"><a href=\"https:\/\/photos.app.goo.gl\/R5zGMCo2bNnjuvqp6\" target=\"_blank\"><img decoding=\"async\" src=\"https:\/\/lh3.googleusercontent.com\/pw\/AP1GczPXUKQNm41JhtSfqraHwH3KJcmDZ5ZFKGQmUJLuPbsswxulQEPp_UEAQeUJXOjyYGjpTMz14lGEO8B0QaDKdv0Zq32R8_hP_VdgCpyOUVgfNvnbVWk\" alt=\"Google Photo\" class=\"simple-google-photos-grid-image\"><\/a><\/div><div class=\"simple-google-photos-grid-cell\" style=\"width:25%\"><a href=\"https:\/\/photos.app.goo.gl\/R5zGMCo2bNnjuvqp6\" target=\"_blank\"><img decoding=\"async\" src=\"https:\/\/lh3.googleusercontent.com\/pw\/AP1GczPiXE5j6NtnVXSsOMGtlPbUNZBWWLhe6wxpAdFx3Ge44g7XlOWNpfiEB8y0Ag-4dxCfKozMlfObCt0-hYZ3S5gc_O6trBEQMmeVDBoWeF1wwv5ALF4\" alt=\"Google Photo\" class=\"simple-google-photos-grid-image\"><\/a><\/div><div class=\"simple-google-photos-grid-cell\" style=\"width:25%\"><a href=\"https:\/\/photos.app.goo.gl\/R5zGMCo2bNnjuvqp6\" target=\"_blank\"><img decoding=\"async\" src=\"https:\/\/lh3.googleusercontent.com\/pw\/AP1GczN-5ugw-4U5KwR1zZwl-V46BHXH4cV8pemt0spDNaGurjljU5pNta7Dy0bAI8PF4wYJUQGbGkhUFNDkmJ9RD87T5eW23-hibYe-fHv9_gJgtGlMUVM\" alt=\"Google Photo\" class=\"simple-google-photos-grid-image\"><\/a><\/div><div class=\"simple-google-photos-grid-cell\" style=\"width:25%\"><a href=\"https:\/\/photos.app.goo.gl\/R5zGMCo2bNnjuvqp6\" target=\"_blank\"><img decoding=\"async\" src=\"https:\/\/lh3.googleusercontent.com\/pw\/AP1GczNYOwoa9xl_47s7xZJLVqNq-RuRBpgCFk4wqTAEruMpz0PuXyxzCtyaQs_NVC2PB656R2zZPCNIKekns9aWsKgvDiPMkv67QOEY6zHalyfRsO8Xoaw\" alt=\"Google Photo\" class=\"simple-google-photos-grid-image\"><\/a><\/div><div class=\"simple-google-photos-grid-cell\" style=\"width:25%\"><a href=\"https:\/\/photos.app.goo.gl\/R5zGMCo2bNnjuvqp6\" target=\"_blank\"><img decoding=\"async\" src=\"https:\/\/lh3.googleusercontent.com\/pw\/AP1GczN_mTa-IVu7pIX3WT2dF547sr5-M8hQoz8RGWQHURok-dkl4exw5BwhNqTj670aDP9lut3qLc8YjY95_5xXoASW8_Mv1GKkQMWa7GuHCARCdlK9eQc\" alt=\"Google Photo\" class=\"simple-google-photos-grid-image\"><\/a><\/div><div class=\"simple-google-photos-grid-cell\" style=\"width:25%\"><a href=\"https:\/\/photos.app.goo.gl\/R5zGMCo2bNnjuvqp6\" target=\"_blank\"><img decoding=\"async\" src=\"https:\/\/lh3.googleusercontent.com\/pw\/AP1GczNNxFScnoduvyQJygRHLl6EAk5QPqnwmdzPwIaobKq4UcmYoRYMIqEMThLiK14rG950-Y86l0sA1JmwocQL1dnj1xl50EMH_Cp2n4tRmsTmuULJBA4\" alt=\"Google Photo\" class=\"simple-google-photos-grid-image\"><\/a><\/div><div class=\"simple-google-photos-grid-cell\" style=\"width:25%\"><a href=\"https:\/\/photos.app.goo.gl\/R5zGMCo2bNnjuvqp6\" target=\"_blank\"><img decoding=\"async\" src=\"https:\/\/lh3.googleusercontent.com\/pw\/AP1GczNxUW4eIc5AqCHSn7JY5jIsVYOxXo-_zIy-VJHYarEjNFa1waV3DUqmZywPU1BmAzwvbJC7qCH2DLwsmjk0OUAgUizE9qJ8FtWGkP8mfoWeseLuwGU\" alt=\"Google Photo\" class=\"simple-google-photos-grid-image\"><\/a><\/div><div class=\"simple-google-photos-grid-cell\" style=\"width:25%\"><a href=\"https:\/\/photos.app.goo.gl\/R5zGMCo2bNnjuvqp6\" target=\"_blank\"><img decoding=\"async\" src=\"https:\/\/lh3.googleusercontent.com\/pw\/AP1GczPv0N6ZIZg1hi8Sh48F4VvvDQkLbSRssQpDPMA6ye8acOA67sgg0OpIa5iUK2pW82RVtFuav7lBYBiPKM_srQNjwHI-R_jTtjAvWbS5ZgK2QA6lStk\" alt=\"Google Photo\" class=\"simple-google-photos-grid-image\"><\/a><\/div><div class=\"simple-google-photos-grid-cell\" style=\"width:25%\"><a href=\"https:\/\/photos.app.goo.gl\/R5zGMCo2bNnjuvqp6\" target=\"_blank\"><img decoding=\"async\" src=\"https:\/\/lh3.googleusercontent.com\/pw\/AP1GczNafKOB_892ULqA7xdt0Ni_IKobfAHxLDJTtzCv9g0vfAsfxZVN2bx0EhR1ZP2eFbS_oZ_a9SlEVnkXYO8e0o9WQag1Sx6RfrQLFgLocYmgg469Qg0\" alt=\"Google Photo\" class=\"simple-google-photos-grid-image\"><\/a><\/div><div class=\"simple-google-photos-grid-cell\" style=\"width:25%\"><a href=\"https:\/\/photos.app.goo.gl\/R5zGMCo2bNnjuvqp6\" target=\"_blank\"><img decoding=\"async\" src=\"https:\/\/lh3.googleusercontent.com\/pw\/AP1GczP484kzr8yau0zw6YtyORu5yCEy4vC2L-sQtuSTXmGrFysTdl5bhCcOcpCbPMCTChrXnBXEA7wYw3fduoAsoPA_vdG7-f5N3uLJTWiRbn1PDIlTcu0\" alt=\"Google Photo\" class=\"simple-google-photos-grid-image\"><\/a><\/div><div class=\"simple-google-photos-grid-cell\" style=\"width:25%\"><a href=\"https:\/\/photos.app.goo.gl\/R5zGMCo2bNnjuvqp6\" target=\"_blank\"><img decoding=\"async\" src=\"https:\/\/lh3.googleusercontent.com\/pw\/AP1GczPzLBHcvSsXnuejt4jDlKVZz1S97c-NeSJq-SwfHri_gq4sZUqUDfEcimvDyjznxGQl6VhqASxt566fTjb-UjllFQn8E2Njve-fgu0efpP8_bzGPHA\" alt=\"Google Photo\" class=\"simple-google-photos-grid-image\"><\/a><\/div><div class=\"simple-google-photos-grid-cell\" style=\"width:25%\"><a href=\"https:\/\/photos.app.goo.gl\/R5zGMCo2bNnjuvqp6\" target=\"_blank\"><img decoding=\"async\" src=\"https:\/\/lh3.googleusercontent.com\/pw\/AP1GczPWjdedWtFwMhoaBuK-rVD2Q56wsiuG-62lzeSnAcJNDJK23kDdgTVIh49wn1iPJQC8-9lbZ4OF9UOKF3-SrdouCHmxpQ3nWtHE5WXIGOKSx20tCZQ\" alt=\"Google Photo\" class=\"simple-google-photos-grid-image\"><\/a><\/div><div class=\"simple-google-photos-grid-cell\" style=\"width:25%\"><a href=\"https:\/\/photos.app.goo.gl\/R5zGMCo2bNnjuvqp6\" target=\"_blank\"><img decoding=\"async\" src=\"https:\/\/lh3.googleusercontent.com\/pw\/AP1GczMIfronhKgorvnG2U8fAslgsTLfY-bJlj4X6SCzTkXKF9ZzA4-S_VuBKewHcbt4ZNRA9h179B7v6uO0F1sntnErigxRYgSAZRWRkTR1XZDHIOIO4GM\" alt=\"Google Photo\" class=\"simple-google-photos-grid-image\"><\/a><\/div><div class=\"simple-google-photos-grid-cell\" style=\"width:25%\"><a href=\"https:\/\/photos.app.goo.gl\/R5zGMCo2bNnjuvqp6\" target=\"_blank\"><img decoding=\"async\" src=\"https:\/\/lh3.googleusercontent.com\/pw\/AP1GczN1GwXkkGoSdNJSNMgOl5MR1Md1TqT_ugg3hxFfoxkxdJbyQo-2h0Hl2owRf_xscmjMjbOSXxAlzFhLTpZUw6qZ6aFpm0aJY-D6Lhw1z7f2dsrgNRc\" alt=\"Google Photo\" class=\"simple-google-photos-grid-image\"><\/a><\/div><div class=\"simple-google-photos-grid-cell\" style=\"width:25%\"><a href=\"https:\/\/photos.app.goo.gl\/R5zGMCo2bNnjuvqp6\" target=\"_blank\"><img decoding=\"async\" src=\"https:\/\/lh3.googleusercontent.com\/pw\/AP1GczPUhRJO1Cqr0Q0C8W1bn1a5eg_3fAvYpyVXKw00nPARK5iozivx3Lmp54aYKiSzmnmxvG0aBiijYmv39xDOMPZg3Tbe_9RZdOrpKnmL_vb941VF6tY\" alt=\"Google Photo\" class=\"simple-google-photos-grid-image\"><\/a><\/div><div class=\"simple-google-photos-grid-cell\" style=\"width:25%\"><a href=\"https:\/\/photos.app.goo.gl\/R5zGMCo2bNnjuvqp6\" target=\"_blank\"><img decoding=\"async\" src=\"https:\/\/lh3.googleusercontent.com\/pw\/AP1GczPd2GcBHPJf2bieuSOk69T6U9CkqYAK-QWo6AL4kW6jQi-9WfV3eU0RrE35doo8YqzeoGvpDjdIl_P_A8-fnWfSlx15hT5qOTU3_hAKtrcOX9MCBDg\" alt=\"Google Photo\" class=\"simple-google-photos-grid-image\"><\/a><\/div><div class=\"simple-google-photos-grid-cell\" style=\"width:25%\"><a href=\"https:\/\/photos.app.goo.gl\/R5zGMCo2bNnjuvqp6\" target=\"_blank\"><img decoding=\"async\" src=\"https:\/\/lh3.googleusercontent.com\/pw\/AP1GczPXjrRPQTmnChYimwwUV5CYScH4p6VM5RVJHEBQibwRVDaYuG_1zGM7CuadxLdhsdyj7pnNiTRLBasOcZDtXv7eW6tGvVqnDIkw2VZsvK3PLbPOovA\" alt=\"Google Photo\" class=\"simple-google-photos-grid-image\"><\/a><\/div><div class=\"simple-google-photos-grid-cell\" style=\"width:25%\"><a href=\"https:\/\/photos.app.goo.gl\/R5zGMCo2bNnjuvqp6\" target=\"_blank\"><img decoding=\"async\" src=\"https:\/\/lh3.googleusercontent.com\/pw\/AP1GczOUBQ4vp30HPZR0SdIOfk1kcuSHi1wc0rijlfTyKVop7htuxIPxd7v3Bfz2cT1XU6rhlCiP5jWah70DIQH1PhlYrYnTy8P28pdScWuIHtVo8nC1RN8\" alt=\"Google Photo\" class=\"simple-google-photos-grid-image\"><\/a><\/div><div class=\"simple-google-photos-grid-cell\" style=\"width:25%\"><a href=\"https:\/\/photos.app.goo.gl\/R5zGMCo2bNnjuvqp6\" target=\"_blank\"><img decoding=\"async\" src=\"https:\/\/lh3.googleusercontent.com\/pw\/AP1GczNvKxRZi7oKFAnK6VlwcEV1_bf1uPHK-U954dNgjXj9jw4KUphJroC1bVeOBLL3Nnihzj-QwoXMvnJizVTREk3c1q6W3g83950IXkAPtkHZ2lrKsXE\" alt=\"Google Photo\" class=\"simple-google-photos-grid-image\"><\/a><\/div><\/div><script>      (function() {\n        if( window.jQuery ){\n          jQuery( document ).ready(function() {\n            jQuery(\"div.simple-google-photos-grid\").each(function(i){\n              var container = jQuery(this);\n              var width = container.find(\"div.simple-google-photos-grid-cell\").first().width();\n              container.find(\"img.simple-google-photos-grid-image\").css(\"width\", width).css(\"height\", width);\n            });\n          });\n        }\n      })();<\/script><\/p>\n<p>Artyku\u0142 o ods\u0142oni\u0119ciu Pomnika, Trybuna Robotnicza, 1983, nr 209. Tak opisa\u0142a to prasa:<br \/>\n<a href=\"http:\/\/historyczna.slaska.zhp.pl\/wp-content\/uploads\/2019\/12\/Odsloniecie_Pomnika_TR_1.jpg\"><img decoding=\"async\" class=\"aligncenter size-large wp-image-778\" src=\"http:\/\/historyczna.slaska.zhp.pl\/wp-content\/uploads\/2019\/12\/Odsloniecie_Pomnika_TR_1-532x1024.jpg\" alt=\"\" width=\"532\" height=\"1024\" srcset=\"https:\/\/historyczna.slaska.zhp.pl\/wp-content\/uploads\/2019\/12\/Odsloniecie_Pomnika_TR_1-532x1024.jpg 532w, https:\/\/historyczna.slaska.zhp.pl\/wp-content\/uploads\/2019\/12\/Odsloniecie_Pomnika_TR_1-156x300.jpg 156w, https:\/\/historyczna.slaska.zhp.pl\/wp-content\/uploads\/2019\/12\/Odsloniecie_Pomnika_TR_1-768x1478.jpg 768w, https:\/\/historyczna.slaska.zhp.pl\/wp-content\/uploads\/2019\/12\/Odsloniecie_Pomnika_TR_1-798x1536.jpg 798w, https:\/\/historyczna.slaska.zhp.pl\/wp-content\/uploads\/2019\/12\/Odsloniecie_Pomnika_TR_1-1064x2048.jpg 1064w, https:\/\/historyczna.slaska.zhp.pl\/wp-content\/uploads\/2019\/12\/Odsloniecie_Pomnika_TR_1.jpg 1175w\" sizes=\"(max-width: 532px) 100vw, 532px\" \/><\/a><\/p>\n<p><a href=\"http:\/\/historyczna.slaska.zhp.pl\/wp-content\/uploads\/2019\/12\/Odsloniecie_Pomnika_TR_2.jpg\"><img decoding=\"async\" class=\"aligncenter size-large wp-image-779\" src=\"http:\/\/historyczna.slaska.zhp.pl\/wp-content\/uploads\/2019\/12\/Odsloniecie_Pomnika_TR_2-598x1024.jpg\" alt=\"\" width=\"598\" height=\"1024\" srcset=\"https:\/\/historyczna.slaska.zhp.pl\/wp-content\/uploads\/2019\/12\/Odsloniecie_Pomnika_TR_2-598x1024.jpg 598w, https:\/\/historyczna.slaska.zhp.pl\/wp-content\/uploads\/2019\/12\/Odsloniecie_Pomnika_TR_2-175x300.jpg 175w, https:\/\/historyczna.slaska.zhp.pl\/wp-content\/uploads\/2019\/12\/Odsloniecie_Pomnika_TR_2-768x1315.jpg 768w, https:\/\/historyczna.slaska.zhp.pl\/wp-content\/uploads\/2019\/12\/Odsloniecie_Pomnika_TR_2.jpg 895w\" sizes=\"(max-width: 598px) 100vw, 598px\" \/><\/a><\/p>\n","protected":false},"excerpt":{"rendered":"<p>Pierwszy Pomnik Harcerzy ods\u0142oni\u0119ty w 1949, w miejscu pierwszej skromnej tabliczki. Referat Kazimierza Krzy\u015bkowa &#8222;D\u0142uga droga do ods\u0142oni\u0119cia Pomnika Harcerek i Harcerzy \u015al\u0105skich&#8221; wyg\u0142oszony na sesji historycznej &#8222;Wizerunki \u015bl\u0105skiego harcerstwa w latach wojny i okupacji&#8221;, z tomu VIII Wszechnicy G\u00f3rno\u015bl\u0105skiej Film o powstaniu obecnego Pomnika, kt\u00f3ry swoj\u0105 premier\u0119 mia\u0142 3.09.2019 na Konferencji Instruktorskiej dotycz\u0105cej 80 [&hellip;]<\/p>\n","protected":false},"author":2,"featured_media":0,"parent":81,"menu_order":0,"comment_status":"closed","ping_status":"closed","template":"","meta":{"postBodyCss":"","postBodyMargin":[],"postBodyPadding":[],"postBodyBackground":{"backgroundType":"classic","gradient":""},"footnotes":""},"class_list":["post-677","page","type-page","status-publish","hentry"],"_links":{"self":[{"href":"https:\/\/historyczna.slaska.zhp.pl\/index.php?rest_route=\/wp\/v2\/pages\/677","targetHints":{"allow":["GET"]}}],"collection":[{"href":"https:\/\/historyczna.slaska.zhp.pl\/index.php?rest_route=\/wp\/v2\/pages"}],"about":[{"href":"https:\/\/historyczna.slaska.zhp.pl\/index.php?rest_route=\/wp\/v2\/types\/page"}],"author":[{"embeddable":true,"href":"https:\/\/historyczna.slaska.zhp.pl\/index.php?rest_route=\/wp\/v2\/users\/2"}],"replies":[{"embeddable":true,"href":"https:\/\/historyczna.slaska.zhp.pl\/index.php?rest_route=%2Fwp%2Fv2%2Fcomments&post=677"}],"version-history":[{"count":22,"href":"https:\/\/historyczna.slaska.zhp.pl\/index.php?rest_route=\/wp\/v2\/pages\/677\/revisions"}],"predecessor-version":[{"id":903,"href":"https:\/\/historyczna.slaska.zhp.pl\/index.php?rest_route=\/wp\/v2\/pages\/677\/revisions\/903"}],"up":[{"embeddable":true,"href":"https:\/\/historyczna.slaska.zhp.pl\/index.php?rest_route=\/wp\/v2\/pages\/81"}],"wp:attachment":[{"href":"https:\/\/historyczna.slaska.zhp.pl\/index.php?rest_route=%2Fwp%2Fv2%2Fmedia&parent=677"}],"curies":[{"name":"wp","href":"https:\/\/api.w.org\/{rel}","templated":true}]}}