{"id":70,"date":"2019-03-09T14:18:34","date_gmt":"2019-03-09T13:18:34","guid":{"rendered":"http:\/\/historyczna.slaska.zhp.pl\/?page_id=70"},"modified":"2025-06-28T10:59:29","modified_gmt":"2025-06-28T08:59:29","slug":"cele-i-zadania","status":"publish","type":"page","link":"https:\/\/historyczna.slaska.zhp.pl\/?page_id=70","title":{"rendered":"Cele i zadania"},"content":{"rendered":"\t\t<div data-elementor-type=\"wp-page\" data-elementor-id=\"70\" class=\"elementor elementor-70\">\n\t\t\t\t<div class=\"elementor-element elementor-element-23c8fcb e-flex e-con-boxed e-con e-parent\" data-id=\"23c8fcb\" data-element_type=\"container\" data-e-type=\"container\">\n\t\t\t\t\t<div class=\"e-con-inner\">\n\t\t<div class=\"elementor-element elementor-element-1480454 e-con-full e-flex e-con e-child\" data-id=\"1480454\" data-element_type=\"container\" data-e-type=\"container\">\n\t\t\t\t<div class=\"elementor-element elementor-element-49e52ce elementor-widget elementor-widget-image\" data-id=\"49e52ce\" data-element_type=\"widget\" data-e-type=\"widget\" data-widget_type=\"image.default\">\n\t\t\t\t<div class=\"elementor-widget-container\">\n\t\t\t\t\t\t\t\t\t\t\t\t\t\t\t<img decoding=\"async\" src=\"https:\/\/historyczna.slaska.zhp.pl\/wp-content\/uploads\/2025\/06\/cele-i-zadania-zhp.webp\" title=\"Cele i Zadania &#8211; Komisja Historyczna Chor\u0105gwi \u015al\u0105skiej\" alt=\"Grafika dekoracyjna zawieraj\u0105ca napis &quot;Cele i zadania&quot;\" loading=\"lazy\" \/>\t\t\t\t\t\t\t\t\t\t\t\t\t\t\t<\/div>\n\t\t\t\t<\/div>\n\t\t\t\t<div class=\"elementor-element elementor-element-ab9ed09 elementor-widget elementor-widget-text-editor\" data-id=\"ab9ed09\" data-element_type=\"widget\" data-e-type=\"widget\" data-widget_type=\"text-editor.default\">\n\t\t\t\t<div class=\"elementor-widget-container\">\n\t\t\t\t\t\t\t\t\t<p>Komisja Historyczna Chor\u0105gwi \u015al\u0105skiej skupia instruktor\u00f3w harcerskich i historyk\u00f3w zainteresowanych r\u00f3\u017cnymi okresami istnienia harcerstwa oraz zainteresowanych r\u00f3\u017cnymi dzia\u0142aniami lub zagadnieniami z jego dziej\u00f3w.<\/p>\n<p><strong>Cele i zadania:<\/strong><\/p>\n<ul>\n<li>badanie i opracowywanie dziej\u00f3w harcerstwa na terenie dzia\u0142ania Chor\u0105gwi \u015al\u0105skiej ZHP,<\/li>\n<li>kszta\u0142towanie \u015bwiadomo\u015bci historycznej w\u015br\u00f3d kadry instruktorskiej, zuch\u00f3w i harcerzy,<\/li>\n<li>starania o wykorzystanie dorobku historycznego Komisji w procesie wychowawczym<\/li>\n<li>popularyzacja historii harcerstwa w\u015br\u00f3d spo\u0142ecze\u0144stwa.<\/li>\n<\/ul>\n<p><strong>Zadania Komisji:<\/strong><\/p>\n<ul>\n<li>Gromadzenie, zabezpieczanie i ewidencjonowanie materia\u0142\u00f3w \u017ar\u00f3d\u0142owych historii harcerstwa.<\/li>\n<li>Inicjowanie opracowa\u0144 naukowych na temat historii harcerstwa.<\/li>\n<li>Inspirowanie opracowa\u0144 monograficznych jednostek harcerskich oraz biogram\u00f3w zas\u0142u\u017conych instruktor\u00f3w ze \u015brodowiska naszego dzia\u0142ania.<\/li>\n<li>Koordynacja zainteresowa\u0144 histori\u0105 harcerstwa w\u015br\u00f3d instruktor\u00f3w i harcerzy.<\/li>\n<li>Organizacja spotka\u0144 i seminari\u00f3w dla zainteresowanych histori\u0105 harcerstwa.<\/li>\n<li>Promowanie w\u015br\u00f3d harcerzy zdobywania sprawno\u015bci historycznych, HSZ\u015al. oraz znaku s\u0142u\u017cby pami\u0119ci.<\/li>\n<li>Publikowanie zebranych materia\u0142\u00f3w i opracowa\u0144.<\/li>\n<li>Wsp\u00f3\u0142praca z Gabinetem Historii Chor\u0105gwi \u015al\u0105skiej ZHP.<\/li>\n<li>Troska o wykorzystanie w bie\u017c\u0105cej pracy programowej Chor\u0105gwi rocznic historycznych.<\/li>\n<li>Udzia\u0142 w kszta\u0142ceniu instruktor\u00f3w.<\/li>\n<\/ul>\n<p><strong>Komisja przy realizacji swoich zada\u0144 b\u0119dzie wsp\u00f3\u0142pracowa\u0142a z:<\/strong><\/p>\n<ul>\n<li>Komend\u0105 Chor\u0105gwi \u015al\u0105skiej ZHP,<\/li>\n<li>W\u0142adzami Statutowymi Chor\u0105gwi \u015al\u0105skiej ZHP,<\/li>\n<li>Stowarzyszeniem Ruchu Harcerskiego &#8222;Czuwaj&#8221;,<\/li>\n<li>Instytutem Pami\u0119ci Narodowej,<\/li>\n<li>Archiwami, Muzeami i Bibliotekami.<\/li>\n<\/ul>\t\t\t\t\t\t\t\t<\/div>\n\t\t\t\t<\/div>\n\t\t\t\t<\/div>\n\t\t<div class=\"elementor-element elementor-element-760c23d e-con-full e-flex e-con e-child\" data-id=\"760c23d\" data-element_type=\"container\" data-e-type=\"container\">\n\t\t\t\t<div class=\"elementor-element elementor-element-5693230 elementor-hidden-tablet elementor-hidden-mobile elementor-widget elementor-widget-html\" data-id=\"5693230\" data-element_type=\"widget\" data-e-type=\"widget\" data-widget_type=\"html.default\">\n\t\t\t\t<div class=\"elementor-widget-container\">\n\t\t\t\t\t<h3>Zobacz, co u nas s\u0142ycha\u0107<\/h3>\n<iframe src=\"https:\/\/www.facebook.com\/plugins\/page.php?href=https%3A%2F%2Fwww.facebook.com%2Fprofile.php%3Fid%3D100066907041698&tabs=timeline&width=300&height=500&small_header=false&adapt_container_width=true&hide_cover=false&show_facepile=true&appId=113134452681290\" width=\"300\" height=\"500\" style=\"border:none;overflow:hidden\" scrolling=\"no\" frameborder=\"0\" allowfullscreen=\"true\" allow=\"autoplay; clipboard-write; encrypted-media; picture-in-picture; web-share\"><\/iframe>\t\t\t\t<\/div>\n\t\t\t\t<\/div>\n\t\t\t\t<\/div>\n\t\t\t\t\t<\/div>\n\t\t\t\t<\/div>\n\t\t<div class=\"elementor-element elementor-element-d321d1b e-flex e-con-boxed e-con e-parent\" data-id=\"d321d1b\" data-element_type=\"container\" data-e-type=\"container\">\n\t\t\t\t\t<div class=\"e-con-inner\">\n\t\t\t\t\t<\/div>\n\t\t\t\t<\/div>\n\t\t\t\t<\/div>\n\t\t","protected":false},"excerpt":{"rendered":"<p>Komisja Historyczna Chor\u0105gwi \u015al\u0105skiej skupia instruktor\u00f3w harcerskich i historyk\u00f3w zainteresowanych r\u00f3\u017cnymi okresami istnienia harcerstwa oraz zainteresowanych r\u00f3\u017cnymi dzia\u0142aniami lub zagadnieniami z jego dziej\u00f3w. Cele i zadania: badanie i opracowywanie dziej\u00f3w harcerstwa na terenie dzia\u0142ania Chor\u0105gwi \u015al\u0105skiej ZHP, kszta\u0142towanie \u015bwiadomo\u015bci historycznej w\u015br\u00f3d kadry instruktorskiej, zuch\u00f3w i harcerzy, starania o wykorzystanie dorobku historycznego Komisji w procesie wychowawczym [&hellip;]<\/p>\n","protected":false},"author":2,"featured_media":0,"parent":76,"menu_order":0,"comment_status":"closed","ping_status":"closed","template":"","meta":{"postBodyCss":"","postBodyMargin":[],"postBodyPadding":[],"postBodyBackground":{"backgroundType":"classic","gradient":""},"footnotes":""},"class_list":["post-70","page","type-page","status-publish","hentry"],"_links":{"self":[{"href":"https:\/\/historyczna.slaska.zhp.pl\/index.php?rest_route=\/wp\/v2\/pages\/70","targetHints":{"allow":["GET"]}}],"collection":[{"href":"https:\/\/historyczna.slaska.zhp.pl\/index.php?rest_route=\/wp\/v2\/pages"}],"about":[{"href":"https:\/\/historyczna.slaska.zhp.pl\/index.php?rest_route=\/wp\/v2\/types\/page"}],"author":[{"embeddable":true,"href":"https:\/\/historyczna.slaska.zhp.pl\/index.php?rest_route=\/wp\/v2\/users\/2"}],"replies":[{"embeddable":true,"href":"https:\/\/historyczna.slaska.zhp.pl\/index.php?rest_route=%2Fwp%2Fv2%2Fcomments&post=70"}],"version-history":[{"count":40,"href":"https:\/\/historyczna.slaska.zhp.pl\/index.php?rest_route=\/wp\/v2\/pages\/70\/revisions"}],"predecessor-version":[{"id":1639,"href":"https:\/\/historyczna.slaska.zhp.pl\/index.php?rest_route=\/wp\/v2\/pages\/70\/revisions\/1639"}],"up":[{"embeddable":true,"href":"https:\/\/historyczna.slaska.zhp.pl\/index.php?rest_route=\/wp\/v2\/pages\/76"}],"wp:attachment":[{"href":"https:\/\/historyczna.slaska.zhp.pl\/index.php?rest_route=%2Fwp%2Fv2%2Fmedia&parent=70"}],"curies":[{"name":"wp","href":"https:\/\/api.w.org\/{rel}","templated":true}]}}