{"id":806,"date":"2020-01-20T19:50:25","date_gmt":"2020-01-20T18:50:25","guid":{"rendered":"http:\/\/historyczna.slaska.zhp.pl\/?page_id=806"},"modified":"2021-07-05T23:04:14","modified_gmt":"2021-07-05T21:04:14","slug":"komendanci-hufcow","status":"publish","type":"page","link":"https:\/\/historyczna.slaska.zhp.pl\/?page_id=806","title":{"rendered":"Komendanci Hufc\u00f3w"},"content":{"rendered":"<p>W tym miejscu chcemy przedstawi\u0107 sylwetki by\u0142ych i obecnych Komendant\u00f3w\/Komendantek Hufc\u00f3w, kt\u00f3re istnia\u0142y\/istniej\u0105 na terenie Chor\u0105gwi.<\/p>\n<ul>\n<li><a href=\"https:\/\/historyczna.slaska.zhp.pl\/wp-content\/uploads\/2020\/01\/KH_Bytom.pdf\" target=\"_blank\" rel=\"noopener noreferrer\">Hufiec Bytom<\/a><\/li>\n<li><a href=\"https:\/\/mega.nz\/file\/edUizZBB#2U7a2bF3nEvJu7CE43EUr5iP-CuL-_AJTW3acU9mnDk\" target=\"_blank\" rel=\"noopener noreferrer\">Hufiec Czechowice-Dziedzice<\/a><\/li>\n<li><a href=\"https:\/\/historyczna.slaska.zhp.pl\/wp-content\/uploads\/2021\/03\/KH_JastrzebieZdroj.pdf\" target=\"_blank\" rel=\"noopener noreferrer\">Hufiec Jastrz\u0119bie-Zdr\u00f3j<\/a><\/li>\n<li><a href=\"https:\/\/historyczna.slaska.zhp.pl\/wp-content\/uploads\/2020\/06\/KH_Piekary.pdf\" target=\"_blank\" rel=\"noopener noreferrer\">Hufiec Piekary \u015al\u0105skie<\/a><\/li>\n<li><a href=\"https:\/\/historyczna.slaska.zhp.pl\/wp-content\/uploads\/2021\/03\/KH_Rydultowy.pdf\" target=\"_blank\" rel=\"noopener noreferrer\">Hufiec Rydu\u0142towy<\/a><\/li>\n<li><a href=\"https:\/\/historyczna.slaska.zhp.pl\/wp-content\/uploads\/2021\/07\/KH_Bedzin.pdf\" target=\"_blank\" rel=\"noopener noreferrer\">Hufiec Ziemi B\u0119dzi\u0144skiej<\/a><\/li>\n<li><a href=\"https:\/\/historyczna.slaska.zhp.pl\/wp-content\/uploads\/2021\/05\/KH_Gliwice.pdf\" target=\"_blank\" rel=\"noopener noreferrer\">Hufiec Ziemi Gliwickiej<\/a><\/li>\n<li><a href=\"https:\/\/historyczna.slaska.zhp.pl\/wp-content\/uploads\/2020\/06\/KH_Raciborz.pdf\" target=\"_blank\" rel=\"noopener noreferrer\">Hufiec Ziemi Raciborskiej<\/a><\/li>\n<li><a href=\"https:\/\/historyczna.slaska.zhp.pl\/wp-content\/uploads\/2020\/10\/KH_Rybnik.pdf\" target=\"_blank\" rel=\"noopener noreferrer\">Hufiec Ziemi Rybnickiej<\/a><\/li>\n<li><a href=\"https:\/\/historyczna.slaska.zhp.pl\/wp-content\/uploads\/2020\/10\/KH_Zory_Broszura.pdf\" target=\"_blank\" rel=\"noopener noreferrer\">Hufiec \u017bory &#8211; broszura<\/a> oraz <a href=\"https:\/\/historyczna.slaska.zhp.pl\/wp-content\/uploads\/2020\/10\/KH_Zory_Tablice.pdf\" target=\"_blank\" rel=\"noopener noreferrer\">Hufiec \u017bory &#8211; tablice<\/a><\/li>\n<\/ul>\n","protected":false},"excerpt":{"rendered":"<p>W tym miejscu chcemy przedstawi\u0107 sylwetki by\u0142ych i obecnych Komendant\u00f3w\/Komendantek Hufc\u00f3w, kt\u00f3re istnia\u0142y\/istniej\u0105 na terenie Chor\u0105gwi. Hufiec Bytom Hufiec Czechowice-Dziedzice Hufiec Jastrz\u0119bie-Zdr\u00f3j Hufiec Piekary \u015al\u0105skie Hufiec Rydu\u0142towy Hufiec Ziemi B\u0119dzi\u0144skiej Hufiec Ziemi Gliwickiej Hufiec Ziemi Raciborskiej Hufiec Ziemi Rybnickiej Hufiec \u017bory &#8211; broszura oraz Hufiec \u017bory &#8211; tablice<\/p>\n","protected":false},"author":2,"featured_media":0,"parent":81,"menu_order":0,"comment_status":"closed","ping_status":"closed","template":"","meta":{"postBodyCss":"","postBodyMargin":[],"postBodyPadding":[],"postBodyBackground":{"backgroundType":"classic","gradient":""},"footnotes":""},"class_list":["post-806","page","type-page","status-publish","hentry"],"_links":{"self":[{"href":"https:\/\/historyczna.slaska.zhp.pl\/index.php?rest_route=\/wp\/v2\/pages\/806","targetHints":{"allow":["GET"]}}],"collection":[{"href":"https:\/\/historyczna.slaska.zhp.pl\/index.php?rest_route=\/wp\/v2\/pages"}],"about":[{"href":"https:\/\/historyczna.slaska.zhp.pl\/index.php?rest_route=\/wp\/v2\/types\/page"}],"author":[{"embeddable":true,"href":"https:\/\/historyczna.slaska.zhp.pl\/index.php?rest_route=\/wp\/v2\/users\/2"}],"replies":[{"embeddable":true,"href":"https:\/\/historyczna.slaska.zhp.pl\/index.php?rest_route=%2Fwp%2Fv2%2Fcomments&post=806"}],"version-history":[{"count":17,"href":"https:\/\/historyczna.slaska.zhp.pl\/index.php?rest_route=\/wp\/v2\/pages\/806\/revisions"}],"predecessor-version":[{"id":967,"href":"https:\/\/historyczna.slaska.zhp.pl\/index.php?rest_route=\/wp\/v2\/pages\/806\/revisions\/967"}],"up":[{"embeddable":true,"href":"https:\/\/historyczna.slaska.zhp.pl\/index.php?rest_route=\/wp\/v2\/pages\/81"}],"wp:attachment":[{"href":"https:\/\/historyczna.slaska.zhp.pl\/index.php?rest_route=%2Fwp%2Fv2%2Fmedia&parent=806"}],"curies":[{"name":"wp","href":"https:\/\/api.w.org\/{rel}","templated":true}]}}