{"id":968,"date":"2021-11-03T20:26:20","date_gmt":"2021-11-03T19:26:20","guid":{"rendered":"https:\/\/historyczna.slaska.zhp.pl\/?page_id=968"},"modified":"2021-11-03T21:11:42","modified_gmt":"2021-11-03T20:11:42","slug":"historia-harcerskiego-krzyza","status":"publish","type":"page","link":"https:\/\/historyczna.slaska.zhp.pl\/?page_id=968","title":{"rendered":"Historia Harcerskiego Krzy\u017ca"},"content":{"rendered":"<table style=\"border-collapse: collapse; width: 100%;\">\n<tbody>\n<tr>\n<td style=\"width: 30%;\"><img fetchpriority=\"high\" decoding=\"async\" class=\"aligncenter size-medium wp-image-1021\" src=\"https:\/\/historyczna.slaska.zhp.pl\/wp-content\/uploads\/2021\/11\/HF-002-225x300.jpg\" alt=\"\" width=\"225\" height=\"300\" srcset=\"https:\/\/historyczna.slaska.zhp.pl\/wp-content\/uploads\/2021\/11\/HF-002-225x300.jpg 225w, https:\/\/historyczna.slaska.zhp.pl\/wp-content\/uploads\/2021\/11\/HF-002-768x1024.jpg 768w, https:\/\/historyczna.slaska.zhp.pl\/wp-content\/uploads\/2021\/11\/HF-002.jpg 916w\" sizes=\"(max-width: 225px) 100vw, 225px\" \/><\/td>\n<td style=\"width: 70%;\">\n<p><strong>Henryk Falkus (20.12.1953 \u2013 14.11.2020)<\/strong><\/p>\n<p>W latach 1978-89 &#8211; Wyk\u0142adowca Politechniki \u015al\u0105skiej w Instytucie Metali Nie\u017celaznych na wydziale Metalurgii In\u017cynierii Materia\u0142owej. W latach 1989-95 dyrektor, p\u00f3\u017aniej Prezes Zarz\u0105du PHU Anex Sp. z o.o. Od roku 1995 zwi\u0105zany z dzia\u0142alno\u015bci\u0105 samorz\u0105dow\u0105 \u2013 wieloletni Skarbnik Miasta Siemianowice \u015al\u0105skie.<\/p>\n<p>Druh Henryk \u2013 by\u0142 instruktorem Siemianowickiego Hufca ZHP w stopniu harcmistrza. W okresie instruktorskiej dzia\u0142alno\u015bci pe\u0142ni\u0142 szereg funkcji: dru\u017cynowego \u201eCzarnej Trzynastki\u201d, Komendanta Kr\u0119g\u00f3w Instruktorskich \u201eArtyku\u0142 611\u201d i \u201eMil\u00f3wka\u201d, przewodnicz\u0105cego S\u0105du Harcerskiego, cz\u0142onka Komendy Hufca, cz\u0142onka KSI. By\u0142 mocno zwi\u0105zany z baz\u0105 obozow\u0105 Hufca ZHP Siemianowice \u015al\u0105skie w Rejowie. Jego wielk\u0105 pasj\u0105 by\u0142o kolekcjonowanie krzy\u017cy harcerskich. By\u0142 r\u00f3wnie\u017c autorem wielu wystaw.<\/p>\n<\/td>\n<\/tr>\n<\/tbody>\n<\/table>\n<p><strong>Historia krzy\u017ca harcerskiego<\/strong><\/p>\n<p><iframe src=\"https:\/\/drive.google.com\/file\/d\/1oM_NaGwE4LbTJ9_hmiDeW5sYI9Zcn_5v\/preview\" width=\"640\" height=\"370\"><\/iframe><\/p>\n<p><strong>&#8222;Na pi\u0119ciu kontynentach&#8221;<\/strong><\/p>\n<p><iframe src=\"https:\/\/drive.google.com\/file\/d\/1Y3eqbLk0CCfcCZEnL742THL0vAYK2Nmk\/preview\" width=\"640\" height=\"370\"><\/iframe><\/p>\n<p><strong>&#8222;Zloty harcerskie&#8221;<\/strong><\/p>\n<p><iframe src=\"https:\/\/drive.google.com\/file\/d\/12MussR4MdOpts2yeXCO80IKdNfLpbbCv\/preview\" width=\"640\" height=\"370\"><\/iframe><\/p>\n","protected":false},"excerpt":{"rendered":"<p>Henryk Falkus (20.12.1953 \u2013 14.11.2020) W latach 1978-89 &#8211; Wyk\u0142adowca Politechniki \u015al\u0105skiej w Instytucie Metali Nie\u017celaznych na wydziale Metalurgii In\u017cynierii Materia\u0142owej. W latach 1989-95 dyrektor, p\u00f3\u017aniej Prezes Zarz\u0105du PHU Anex Sp. z o.o. Od roku 1995 zwi\u0105zany z dzia\u0142alno\u015bci\u0105 samorz\u0105dow\u0105 \u2013 wieloletni Skarbnik Miasta Siemianowice \u015al\u0105skie. Druh Henryk \u2013 by\u0142 instruktorem Siemianowickiego Hufca ZHP w [&hellip;]<\/p>\n","protected":false},"author":2,"featured_media":0,"parent":81,"menu_order":0,"comment_status":"closed","ping_status":"closed","template":"","meta":{"postBodyCss":"","postBodyMargin":[],"postBodyPadding":[],"postBodyBackground":{"backgroundType":"classic","gradient":""},"footnotes":""},"class_list":["post-968","page","type-page","status-publish","hentry"],"_links":{"self":[{"href":"https:\/\/historyczna.slaska.zhp.pl\/index.php?rest_route=\/wp\/v2\/pages\/968","targetHints":{"allow":["GET"]}}],"collection":[{"href":"https:\/\/historyczna.slaska.zhp.pl\/index.php?rest_route=\/wp\/v2\/pages"}],"about":[{"href":"https:\/\/historyczna.slaska.zhp.pl\/index.php?rest_route=\/wp\/v2\/types\/page"}],"author":[{"embeddable":true,"href":"https:\/\/historyczna.slaska.zhp.pl\/index.php?rest_route=\/wp\/v2\/users\/2"}],"replies":[{"embeddable":true,"href":"https:\/\/historyczna.slaska.zhp.pl\/index.php?rest_route=%2Fwp%2Fv2%2Fcomments&post=968"}],"version-history":[{"count":6,"href":"https:\/\/historyczna.slaska.zhp.pl\/index.php?rest_route=\/wp\/v2\/pages\/968\/revisions"}],"predecessor-version":[{"id":1026,"href":"https:\/\/historyczna.slaska.zhp.pl\/index.php?rest_route=\/wp\/v2\/pages\/968\/revisions\/1026"}],"up":[{"embeddable":true,"href":"https:\/\/historyczna.slaska.zhp.pl\/index.php?rest_route=\/wp\/v2\/pages\/81"}],"wp:attachment":[{"href":"https:\/\/historyczna.slaska.zhp.pl\/index.php?rest_route=%2Fwp%2Fv2%2Fmedia&parent=968"}],"curies":[{"name":"wp","href":"https:\/\/api.w.org\/{rel}","templated":true}]}}